{"id":4271,"date":"2022-03-30T16:07:28","date_gmt":"2022-03-30T15:07:28","guid":{"rendered":"https:\/\/pugliainbio.netplanet.it\/?page_id=4271\/"},"modified":"2022-03-30T16:08:17","modified_gmt":"2022-03-30T15:08:17","slug":"privacy-policy-gdpr","status":"publish","type":"page","link":"https:\/\/pugliainbio.it\/de\/privacy-policy-gdpr\/","title":{"rendered":"Privacy Policy"},"content":{"rendered":"\n<style type=\"text\/css\" data-created_by=\"avia_inline_auto\" id=\"style-css-av-2s5ue7-583e02f7df89bbc0d1b9209329826e96\">\n#top .av-special-heading.av-2s5ue7-583e02f7df89bbc0d1b9209329826e96{\npadding-bottom:10px;\ncolor:#99c13c;\n}\nbody .av-special-heading.av-2s5ue7-583e02f7df89bbc0d1b9209329826e96 .av-special-heading-tag .heading-char{\nfont-size:25px;\n}\n.av-special-heading.av-2s5ue7-583e02f7df89bbc0d1b9209329826e96 .special-heading-inner-border{\nborder-color:#99c13c;\n}\n.av-special-heading.av-2s5ue7-583e02f7df89bbc0d1b9209329826e96 .av-subheading{\nfont-size:15px;\n}\n<\/style>\n<div  class='av-special-heading av-2s5ue7-583e02f7df89bbc0d1b9209329826e96 av-special-heading-h1 custom-color-heading blockquote modern-quote  avia-builder-el-0  el_before_av_textblock  avia-builder-el-first '><h1 class='av-special-heading-tag '  itemprop=\"headline\"  >Informativa resa ai sensi dell\u2019art. 13 del regolamento UE 679\/2016 (GDRP) <\/h1><div class=\"special-heading-border\"><div class=\"special-heading-inner-border\"><\/div><\/div><\/div>\r\n\r\n<section  class='av_textblock_section av-kglxgl20-432d291b0bf4312624b4d73a1382da07 '   itemscope=\"itemscope\" itemtype=\"https:\/\/schema.org\/CreativeWork\" ><div class='avia_textblock'  itemprop=\"text\" ><p>Questa informativa \u00e8 resa da In Bio Societ\u00e0 Cooperativa Agricola , con sede\u00a0 in Foggia alla Via Trinitapoli km. 8+300, sn, in qualit\u00e0 di Titolare e responsabile del trattamento dei dati personali.<\/p>\n<p>I dati raccolti sono trattati conformemente ai principi di correttezza, liceit\u00e0, trasparenza e di tutela della Sua riservatezza e dei Suoi diritti.<\/p>\n<p>Il trattamento dei dati avviene con modalit\u00e0 manuali, telematiche e informatiche; sono adottate misure di sicurezza atte ad evitare i rischi di accesso non autorizzato, di distruzione o perdita, di trattamento non consentito o non conforme alle finalit\u00e0 della raccolta.<\/p>\n<p><strong>Categorie di dati personali trattati<\/strong><\/p>\n<p>In Bio Societ\u00e0 Cooperativa Agricola tratter\u00e0 i seguenti suoi dati personali:<\/p>\n<p>&#8211; Dati anagrafici, indirizzo di residenza o domicilio e recapiti (telefono, indirizzo email);<\/p>\n<p>&#8211; Dati bancari e\/o di pagamenti e di riscossione connessi alle gestioni contabili e fiscali;<\/p>\n<p>&#8211; Dati contabili, fiscali e amministrativi in genere derivanti da fatture\/ricevute fiscali emesse e ricevute, e ogni\u00a0 altro documento che ci verr\u00e0 consegnato .<\/p>\n<p><strong>Finalit\u00e0\u00a0 del trattamento<\/strong><\/p>\n<p>Il trattamento \u00e8 finalizzato alla corretta e completa esecuzione del rapporto contrattuale\/commerciale tra le parti, i dati forniti sono trattati per le seguenti finalit\u00e0:<\/p>\n<ol>\n<li>adempiere agli obblighi imposti in ambito contabile, fiscale, dalle leggi in vigore in relazione al rapporto commerciale in essere;<\/li>\n<li>ogni altro adempimento obbligatorio imposto dalle normative fiscali, civilistiche e previdenziali.<\/li>\n<\/ol>\n<p><strong>Base giuridica del trattamento<\/strong><\/p>\n<p>In Bio Societ\u00e0 Cooperativa Agricola tratta i Suoi dati personali lecitamente, laddove il trattamento:<\/p>\n<p>-sia necessario all\u2019esecuzione del rapporto contrattuale o commerciale;<\/p>\n<p>-sia necessario per adempiere un obbligo fiscale e\/o previdenziale e\/o giuridico incombente ;<\/p>\n<p><strong>Conseguenze della mancata comunicazione dei dati personali<\/strong><\/p>\n<p>Con riguardo ai dati personali relativi all&#8217;esecuzione del rapporto contrattuale\/commerciale di cui Lei \u00e8 parte o relativi all&#8217;adempimento ad un obbligo normativo, la mancata comunicazione dei dati personali impedisce il perfezionarsi del rapporto contrattuale\/commerciale stesso.<\/p>\n<p><strong>Categorie di soggetti terzi a cui i dati possono essere comunicati<\/strong><\/p>\n<p>I Suoi dati personali potranno essere comunicati a:<\/p>\n<ol>\n<li>consulenti e\/o commercialisti che eroghino prestazioni funzionali ai fini sopra indicati;<\/li>\n<li>istituti bancari e assicurativi che eroghino prestazioni funzionali ai fini sopra indicati;<\/li>\n<li>soggetti che elaborano i dati in esecuzione di specifici obblighi di legge;<\/li>\n<\/ol>\n<p><strong>Durata del trattamento e periodo di conservazione<\/strong><\/p>\n<p>I dati saranno trattati solo per il tempo necessario per le finalit\u00e0 elencate, saranno conservati per il periodo di durata del rapporto contrattuale o professionale.<\/p>\n<p>Profilazione e Diffusione dei dati<\/p>\n<p>I Suoi dati personali non sono soggetti a diffusione n\u00e9 ad alcun processo decisionale interamente automatizzato, ivi compresa la profilazione.<\/p>\n<p><strong>Diritti di accesso, cancellazione, limitazione e portabilit\u00e0<\/strong><\/p>\n<p>Agli interessati sono riconosciuti i diritti di cui agli artt. da 15 a 20 del GDPR. A titolo esemplificativo, ciascun interessato potr\u00e0:<\/p>\n<ol>\n<li>ottenere la conferma che sia o meno in corso un trattamento di dati personali che lo riguardano;<\/li>\n<li>qualora un trattamento sia in corso, ottenere l\u2019accesso ai dati personali e alle informazioni relative al trattamento nonch\u00e9 richiedere una copia dei dati personali;<\/li>\n<li>ottenere la rettifica dei dati personali inesatti e l\u2019integrazione dei dati personali incompleti;<\/li>\n<li>ottenere, qualora sussista una delle condizioni previste dall\u2019art. 17 del GDPR, la cancellazione dei dati personali che lo riguardano;<\/li>\n<li>ottenere, nei casi previsti dall\u2019art. 18 del GDPR, la limitazione del trattamento;<\/li>\n<li>ricevere i dati personali che lo riguardano in un formato strutturato, di uso comune e leggibile da dispositivo automatico e richiedere la loro trasmissione ad un altro titolare, se tecnicamente fattibile.<\/li>\n<\/ol>\n<p><strong>Diritto di opposizione<\/strong><\/p>\n<p>Ciascun interessato ha il diritto di opporsi in qualsiasi momento al trattamento dei suoi dati personali effettuato per il perseguimento di un legittimo interesse del Titolare. In caso di opposizione, i suoi dati personali non saranno pi\u00f9 oggetto di trattamento, sempre che non sussistano motivi legittimi per procedere al trattamento che prevalgono sugli interessi, sui diritti e sulle libert\u00e0 dell\u2019interessato oppure per l\u2019accertamento, l\u2019esercizio o la difesa di un diritto in sede giudiziaria.<\/p>\n<p><strong>Diritto di revoca del consenso<\/strong><\/p>\n<p>Nel caso in cui sia richiesto il consenso per il trattamento dei dati personali, ciascun interessato potr\u00e0, altres\u00ec, revocare in qualsiasi momento il consenso gi\u00e0 prestato. Il consenso pu\u00f2 essere revocato, scrivendo una email all\u2019indirizzo info@pugliainbio.it Il trattamento basato sul consenso ed effettuato antecedentemente alla revoca dello stesso conserva, comunque, la sua liceit\u00e0;<\/p>\n<p><strong>Diritto di proporre reclamo al Garante<\/strong><\/p>\n<p>Inoltre ciascun interessato potr\u00e0 proporre reclamo al Garante per la Protezione dei Dati Personali nel caso in cui ritenga che siano stati violati i diritti di cui \u00e8 titolare ai sensi del GDPR, secondo le modalit\u00e0 indicate sul sito internet del Garante, accessibile all\u2019indirizzo: <a href=\"https:\/\/www.garanteprivacy.it\/\" target=\"_blank\" rel=\"noopener noreferrer\">www.garanteprivacy.it<\/a>.<\/p>\n<p>L\u2019esercizio dei diritti dell\u2019interessato \u00e8 gratuito.<\/p>\n<p>Ove il soggetto che conferisce i dati abbia un&#8217;et\u00e0 inferiore ai 18 anni, tale trattamento \u00e8 lecito soltanto se e nella misura in cui tale consenso \u00e8 prestato o autorizzato da almeno uno dei titolari della responsabilit\u00e0 genitoriale per il quale sono acquisiti i dati identificativi e copia del documento di riconoscimento.<\/p>\n<\/div><\/section><!-- \/wp:post-content -->","protected":false},"excerpt":{"rendered":"","protected":false},"author":1,"featured_media":0,"parent":0,"menu_order":0,"comment_status":"closed","ping_status":"closed","template":"","meta":{"footnotes":""},"class_list":["post-4271","page","type-page","status-publish","hentry"],"yoast_head":"<!-- This site is optimized with the Yoast SEO plugin v27.0 - https:\/\/yoast.com\/product\/yoast-seo-wordpress\/ -->\n<title>Privacy Policy - In Bio Societ\u00e0 Cooperativa Agricola<\/title>\n<meta name=\"robots\" content=\"index, follow, max-snippet:-1, max-image-preview:large, max-video-preview:-1\" \/>\n<link rel=\"canonical\" href=\"https:\/\/pugliainbio.it\/de\/privacy-policy-gdpr\/\" \/>\n<meta property=\"og:locale\" content=\"de_DE\" \/>\n<meta property=\"og:type\" content=\"article\" \/>\n<meta property=\"og:title\" content=\"Privacy Policy - In Bio Societ\u00e0 Cooperativa Agricola\" \/>\n<meta property=\"og:url\" content=\"https:\/\/pugliainbio.it\/de\/privacy-policy-gdpr\/\" \/>\n<meta property=\"og:site_name\" content=\"In Bio Societ\u00e0 Cooperativa Agricola\" \/>\n<meta property=\"article:modified_time\" content=\"2022-03-30T15:08:17+00:00\" \/>\n<meta name=\"twitter:card\" content=\"summary_large_image\" \/>\n<meta name=\"twitter:label1\" content=\"Gesch\u00e4tzte Lesezeit\" \/>\n\t<meta name=\"twitter:data1\" content=\"5\u00a0Minuten\" \/>\n<script type=\"application\/ld+json\" class=\"yoast-schema-graph\">{\"@context\":\"https:\/\/schema.org\",\"@graph\":[{\"@type\":\"WebPage\",\"@id\":\"https:\/\/pugliainbio.it\/de\/privacy-policy-gdpr\/\",\"url\":\"https:\/\/pugliainbio.it\/de\/privacy-policy-gdpr\/\",\"name\":\"Privacy Policy - In Bio Societ\u00e0 Cooperativa Agricola\",\"isPartOf\":{\"@id\":\"https:\/\/pugliainbio.it\/en\/#website\"},\"datePublished\":\"2022-03-30T15:07:28+00:00\",\"dateModified\":\"2022-03-30T15:08:17+00:00\",\"breadcrumb\":{\"@id\":\"https:\/\/pugliainbio.it\/de\/privacy-policy-gdpr\/#breadcrumb\"},\"inLanguage\":\"de\",\"potentialAction\":[{\"@type\":\"ReadAction\",\"target\":[\"https:\/\/pugliainbio.it\/de\/privacy-policy-gdpr\/\"]}]},{\"@type\":\"BreadcrumbList\",\"@id\":\"https:\/\/pugliainbio.it\/de\/privacy-policy-gdpr\/#breadcrumb\",\"itemListElement\":[{\"@type\":\"ListItem\",\"position\":1,\"name\":\"Home\",\"item\":\"https:\/\/pugliainbio.it\/de\/home\/\"},{\"@type\":\"ListItem\",\"position\":2,\"name\":\"Privacy Policy\"}]},{\"@type\":\"WebSite\",\"@id\":\"https:\/\/pugliainbio.it\/en\/#website\",\"url\":\"https:\/\/pugliainbio.it\/en\/\",\"name\":\"In Bio Societ\u00e0 Cooperativa Agricola\",\"description\":\"\",\"publisher\":{\"@id\":\"https:\/\/pugliainbio.it\/en\/#organization\"},\"potentialAction\":[{\"@type\":\"SearchAction\",\"target\":{\"@type\":\"EntryPoint\",\"urlTemplate\":\"https:\/\/pugliainbio.it\/en\/?s={search_term_string}\"},\"query-input\":{\"@type\":\"PropertyValueSpecification\",\"valueRequired\":true,\"valueName\":\"search_term_string\"}}],\"inLanguage\":\"de\"},{\"@type\":\"Organization\",\"@id\":\"https:\/\/pugliainbio.it\/en\/#organization\",\"name\":\"Daunia Plastics Srl\",\"url\":\"https:\/\/pugliainbio.it\/en\/\",\"logo\":{\"@type\":\"ImageObject\",\"inLanguage\":\"de\",\"@id\":\"https:\/\/pugliainbio.it\/en\/#\/schema\/logo\/image\/\",\"url\":\"\",\"contentUrl\":\"\",\"caption\":\"Daunia Plastics Srl\"},\"image\":{\"@id\":\"https:\/\/pugliainbio.it\/en\/#\/schema\/logo\/image\/\"}}]}<\/script>\n<!-- \/ Yoast SEO plugin. -->","yoast_head_json":{"title":"Privacy Policy - In Bio Societ\u00e0 Cooperativa Agricola","robots":{"index":"index","follow":"follow","max-snippet":"max-snippet:-1","max-image-preview":"max-image-preview:large","max-video-preview":"max-video-preview:-1"},"canonical":"https:\/\/pugliainbio.it\/de\/privacy-policy-gdpr\/","og_locale":"de_DE","og_type":"article","og_title":"Privacy Policy - In Bio Societ\u00e0 Cooperativa Agricola","og_url":"https:\/\/pugliainbio.it\/de\/privacy-policy-gdpr\/","og_site_name":"In Bio Societ\u00e0 Cooperativa Agricola","article_modified_time":"2022-03-30T15:08:17+00:00","twitter_card":"summary_large_image","twitter_misc":{"Gesch\u00e4tzte Lesezeit":"5\u00a0Minuten"},"schema":{"@context":"https:\/\/schema.org","@graph":[{"@type":"WebPage","@id":"https:\/\/pugliainbio.it\/de\/privacy-policy-gdpr\/","url":"https:\/\/pugliainbio.it\/de\/privacy-policy-gdpr\/","name":"Privacy Policy - In Bio Societ\u00e0 Cooperativa Agricola","isPartOf":{"@id":"https:\/\/pugliainbio.it\/en\/#website"},"datePublished":"2022-03-30T15:07:28+00:00","dateModified":"2022-03-30T15:08:17+00:00","breadcrumb":{"@id":"https:\/\/pugliainbio.it\/de\/privacy-policy-gdpr\/#breadcrumb"},"inLanguage":"de","potentialAction":[{"@type":"ReadAction","target":["https:\/\/pugliainbio.it\/de\/privacy-policy-gdpr\/"]}]},{"@type":"BreadcrumbList","@id":"https:\/\/pugliainbio.it\/de\/privacy-policy-gdpr\/#breadcrumb","itemListElement":[{"@type":"ListItem","position":1,"name":"Home","item":"https:\/\/pugliainbio.it\/de\/home\/"},{"@type":"ListItem","position":2,"name":"Privacy Policy"}]},{"@type":"WebSite","@id":"https:\/\/pugliainbio.it\/en\/#website","url":"https:\/\/pugliainbio.it\/en\/","name":"In Bio Societ\u00e0 Cooperativa Agricola","description":"","publisher":{"@id":"https:\/\/pugliainbio.it\/en\/#organization"},"potentialAction":[{"@type":"SearchAction","target":{"@type":"EntryPoint","urlTemplate":"https:\/\/pugliainbio.it\/en\/?s={search_term_string}"},"query-input":{"@type":"PropertyValueSpecification","valueRequired":true,"valueName":"search_term_string"}}],"inLanguage":"de"},{"@type":"Organization","@id":"https:\/\/pugliainbio.it\/en\/#organization","name":"Daunia Plastics Srl","url":"https:\/\/pugliainbio.it\/en\/","logo":{"@type":"ImageObject","inLanguage":"de","@id":"https:\/\/pugliainbio.it\/en\/#\/schema\/logo\/image\/","url":"","contentUrl":"","caption":"Daunia Plastics Srl"},"image":{"@id":"https:\/\/pugliainbio.it\/en\/#\/schema\/logo\/image\/"}}]}},"_links":{"self":[{"href":"https:\/\/pugliainbio.it\/de\/wp-json\/wp\/v2\/pages\/4271","targetHints":{"allow":["GET"]}}],"collection":[{"href":"https:\/\/pugliainbio.it\/de\/wp-json\/wp\/v2\/pages"}],"about":[{"href":"https:\/\/pugliainbio.it\/de\/wp-json\/wp\/v2\/types\/page"}],"author":[{"embeddable":true,"href":"https:\/\/pugliainbio.it\/de\/wp-json\/wp\/v2\/users\/1"}],"replies":[{"embeddable":true,"href":"https:\/\/pugliainbio.it\/de\/wp-json\/wp\/v2\/comments?post=4271"}],"version-history":[{"count":1,"href":"https:\/\/pugliainbio.it\/de\/wp-json\/wp\/v2\/pages\/4271\/revisions"}],"predecessor-version":[{"id":4272,"href":"https:\/\/pugliainbio.it\/de\/wp-json\/wp\/v2\/pages\/4271\/revisions\/4272"}],"wp:attachment":[{"href":"https:\/\/pugliainbio.it\/de\/wp-json\/wp\/v2\/media?parent=4271"}],"curies":[{"name":"wp","href":"https:\/\/api.w.org\/{rel}","templated":true}]}}