{"id":4235,"date":"2022-03-30T14:50:05","date_gmt":"2022-03-30T13:50:05","guid":{"rendered":"https:\/\/pugliainbio.netplanet.it\/?page_id=4235\/"},"modified":"2022-03-31T16:48:33","modified_gmt":"2022-03-31T14:48:33","slug":"mission-vision","status":"publish","type":"page","link":"https:\/\/pugliainbio.it\/de\/mission-vision\/","title":{"rendered":"Mission &#038; Vision"},"content":{"rendered":"\n<style type=\"text\/css\" data-created_by=\"avia_inline_auto\" id=\"style-css-av-78ue9w-f7d63cbbbd2cf60daba2eaa752d360eb\">\n.avia-section.av-78ue9w-f7d63cbbbd2cf60daba2eaa752d360eb{\nbackground-repeat:no-repeat;\nbackground-image:url(https:\/\/pugliainbio.it\/wp-content\/uploads\/2022\/03\/mission-1.png);\nbackground-position:50% 50%;\nbackground-attachment:scroll;\n}\n.avia-section.av-78ue9w-f7d63cbbbd2cf60daba2eaa752d360eb .av-section-color-overlay{\nopacity:0.3;\nbackground-color:#000000;\n}\n<\/style>\n<div id='av_section_1'  class='avia-section av-78ue9w-f7d63cbbbd2cf60daba2eaa752d360eb main_color avia-section-huge avia-no-border-styling  avia-builder-el-0  el_before_av_section  avia-builder-el-first  avia-full-stretch avia-bg-style-scroll av-section-color-overlay-active av-minimum-height av-minimum-height-70 av-height-percent  container_wrap sidebar_right'  data-section-bg-repeat='stretch' data-av_minimum_height_pc='70' data-av_min_height_opt='percent'><div class=\"av-section-color-overlay-wrap\"><div class=\"av-section-color-overlay\"><\/div><div class='container av-section-cont-open' ><main  role=\"main\" itemprop=\"mainContentOfPage\"  class='template-page content  av-content-small alpha units'><div class='post-entry post-entry-type-page post-entry-4235'><div class='entry-content-wrapper clearfix'>\n<\/div><\/div><\/main><!-- close content main element --><\/div><\/div><\/div>\n<style type=\"text\/css\" data-created_by=\"avia_inline_auto\" id=\"style-css-av-kwdnap4v-e70830facc35bac3b468bb8471855d15\">\n.avia-section.av-kwdnap4v-e70830facc35bac3b468bb8471855d15{\nbackground-repeat:no-repeat;\nbackground-image:url(https:\/\/pugliainbio.it\/wp-content\/uploads\/2021\/11\/bg.jpg);\nbackground-position:0% 0%;\nbackground-attachment:scroll;\n}\n<\/style>\n<div id='av_section_2'  class='avia-section av-kwdnap4v-e70830facc35bac3b468bb8471855d15 main_color avia-section-default avia-no-border-styling  avia-builder-el-1  el_after_av_section  avia-builder-el-last  avia-full-stretch avia-bg-style-scroll container_wrap sidebar_right'  data-section-bg-repeat='stretch'><div class='container av-section-cont-open' ><div class='template-page content  av-content-small alpha units'><div class='post-entry post-entry-type-page post-entry-4235'><div class='entry-content-wrapper clearfix'>\n\n<style type=\"text\/css\" data-created_by=\"avia_inline_auto\" id=\"style-css-av-xao9o-bdf4e749e4ac5c4b5d3037e7c465ac05\">\n#top .flex_column.av-xao9o-bdf4e749e4ac5c4b5d3037e7c465ac05{\nmargin-top:30px;\nmargin-bottom:0px;\n}\n.flex_column.av-xao9o-bdf4e749e4ac5c4b5d3037e7c465ac05{\nborder-radius:0px 0px 0px 0px;\npadding:0px 0px 0px 0px;\n}\n.responsive #top #wrap_all .flex_column.av-xao9o-bdf4e749e4ac5c4b5d3037e7c465ac05{\nmargin-top:30px;\nmargin-bottom:0px;\n}\n<\/style>\n<div  class='flex_column av-xao9o-bdf4e749e4ac5c4b5d3037e7c465ac05 av_one_half  avia-builder-el-2  el_before_av_one_half  avia-builder-el-first  first flex_column_div av-hide-on-mobile av-zero-column-padding  '     ><style type=\"text\/css\" data-created_by=\"avia_inline_auto\" id=\"style-css-av-kwdoot4t-3c800fc9b04f1729577e6ae6df7ba4f2\">\n.avia-image-container.av-kwdoot4t-3c800fc9b04f1729577e6ae6df7ba4f2 img.avia_image{\nbox-shadow:none;\n}\n.avia-image-container.av-kwdoot4t-3c800fc9b04f1729577e6ae6df7ba4f2 .av-image-caption-overlay-center{\ncolor:#ffffff;\n}\n<\/style>\n<div  class='avia-image-container av-kwdoot4t-3c800fc9b04f1729577e6ae6df7ba4f2 av-styling- avia-align-center  avia-builder-el-3  avia-builder-el-no-sibling '   itemprop=\"image\" itemscope=\"itemscope\" itemtype=\"https:\/\/schema.org\/ImageObject\" ><div class=\"avia-image-container-inner\"><div class=\"avia-image-overlay-wrap\"><img decoding=\"async\" fetchpriority=\"high\" class='wp-image-4917 avia-img-lazy-loading-not-4917 avia_image ' src=\"https:\/\/pugliainbio.it\/wp-content\/uploads\/2022\/03\/mission-3.png\" alt='' title='mission'  height=\"470\" width=\"470\"  itemprop=\"thumbnailUrl\" srcset=\"https:\/\/pugliainbio.it\/wp-content\/uploads\/2022\/03\/mission-3.png 470w, https:\/\/pugliainbio.it\/wp-content\/uploads\/2022\/03\/mission-3-300x300.png 300w, https:\/\/pugliainbio.it\/wp-content\/uploads\/2022\/03\/mission-3-150x150.png 150w, https:\/\/pugliainbio.it\/wp-content\/uploads\/2022\/03\/mission-3-36x36.png 36w, https:\/\/pugliainbio.it\/wp-content\/uploads\/2022\/03\/mission-3-180x180.png 180w\" sizes=\"(max-width: 470px) 100vw, 470px\" \/><\/div><\/div><\/div><\/div>\n<style type=\"text\/css\" data-created_by=\"avia_inline_auto\" id=\"style-css-av-jfnrg-12dcda7105126f0d234a6bb1371f4dfa\">\n#top .flex_column.av-jfnrg-12dcda7105126f0d234a6bb1371f4dfa{\nmargin-top:30px;\nmargin-bottom:0px;\n}\n.flex_column.av-jfnrg-12dcda7105126f0d234a6bb1371f4dfa{\nborder-radius:0px 0px 0px 0px;\npadding:0px 0px 0px 0px;\n}\n.responsive #top #wrap_all .flex_column.av-jfnrg-12dcda7105126f0d234a6bb1371f4dfa{\nmargin-top:30px;\nmargin-bottom:0px;\n}\n<\/style>\n<div  class='flex_column av-jfnrg-12dcda7105126f0d234a6bb1371f4dfa av_one_half  avia-builder-el-4  el_after_av_one_half  el_before_av_one_fourth  flex_column_div av-zero-column-padding  '     ><p>\n<style type=\"text\/css\" data-created_by=\"avia_inline_auto\" id=\"style-css-av-2lya2f-97ad84c8c7191349ae765aeb601b08ed\">\n#top .av-special-heading.av-2lya2f-97ad84c8c7191349ae765aeb601b08ed{\npadding-bottom:20px;\ncolor:#99c13c;\n}\nbody .av-special-heading.av-2lya2f-97ad84c8c7191349ae765aeb601b08ed .av-special-heading-tag .heading-char{\nfont-size:25px;\n}\n.av-special-heading.av-2lya2f-97ad84c8c7191349ae765aeb601b08ed .special-heading-inner-border{\nborder-color:#99c13c;\n}\n.av-special-heading.av-2lya2f-97ad84c8c7191349ae765aeb601b08ed .av-subheading{\nfont-size:15px;\n}\n<\/style>\n<div  class='av-special-heading av-2lya2f-97ad84c8c7191349ae765aeb601b08ed av-special-heading-h2 custom-color-heading blockquote modern-quote  avia-builder-el-5  el_before_av_textblock  avia-builder-el-first '><h2 class='av-special-heading-tag '  itemprop=\"headline\"  >Mission <span class='special_amp'>&amp;<\/span> Vision<\/h2><div class=\"special-heading-border\"><div class=\"special-heading-inner-border\"><\/div><\/div><\/div><br \/>\n<section  class='av_textblock_section av-kwdmijgc-596130046c7c78c8be21c95ce4f8d0fc '   itemscope=\"itemscope\" itemtype=\"https:\/\/schema.org\/CreativeWork\" ><div class='avia_textblock av_inherit_color'  itemprop=\"text\" ><h5 style=\"text-align: justify;\"><strong>Wir kultivieren Wohlbefinden<\/strong><\/h5>\n<\/div><\/section><br \/>\n<section  class='av_textblock_section av-kwdmijgc-596130046c7c78c8be21c95ce4f8d0fc '   itemscope=\"itemscope\" itemtype=\"https:\/\/schema.org\/CreativeWork\" ><div class='avia_textblock av_inherit_color'  itemprop=\"text\" ><p>Das Hauptziel war immer, den wahren Wurzeln treu zu bleiben.<\/p>\n<p>Die unseres Territoriums, Apulien.<\/p>\n<p>Wir haben Innovation, Respekt vor der Natur und Aufmerksamkeit f\u00fcr den Verbraucher mit Tradition kombiniert.<\/p>\n<\/div><\/section><br \/>\n\n<style type=\"text\/css\" data-created_by=\"avia_inline_auto\" id=\"style-css-av-2fw34n-94e818c8db44e0d169c492f753dc48ee\">\n#top .hr.av-2fw34n-94e818c8db44e0d169c492f753dc48ee{\nmargin-bottom:10px;\n}\n.hr.av-2fw34n-94e818c8db44e0d169c492f753dc48ee .hr-inner{\nwidth:100%;\nborder-color:#d6d6d6;\n}\n<\/style>\n<div  class='hr av-2fw34n-94e818c8db44e0d169c492f753dc48ee hr-custom  avia-builder-el-8  el_after_av_textblock  el_before_av_textblock  hr-center hr-icon-no'><span class='hr-inner inner-border-av-border-thin'><span class=\"hr-inner-style\"><\/span><\/span><\/div><br \/>\n<section  class='av_textblock_section av-l10w2r7l-56927cceaf70534a428905fa8354ddbc '   itemscope=\"itemscope\" itemtype=\"https:\/\/schema.org\/CreativeWork\" ><div class='avia_textblock av_inherit_color'  itemprop=\"text\" ><h5 style=\"text-align: justify;\"><strong>St\u00e4ndige Verbesserung<\/strong><\/h5>\n<\/div><\/section><br \/>\n<section  class='av_textblock_section av-l10w2o29-bbd242d3636ad428c05f249ed020977e '   itemscope=\"itemscope\" itemtype=\"https:\/\/schema.org\/CreativeWork\" ><div class='avia_textblock av_inherit_color'  itemprop=\"text\" ><p>Die Zukunft, die wir uns vorstellen, besteht aus neuen M\u00e4rkten und der st\u00e4ndigen Verbesserung der Qualit\u00e4tsstandards, der Diversifizierung des Sortiments und der F\u00e4higkeit, immer sensibler auf Verbraucherw\u00fcnsche einzugehen, und einem sich st\u00e4ndig weiterentwickelnden Markt.<\/p>\n<p>Die erzielten Ergebnisse sprechen daf\u00fcr, dass der eingeschlagene Weg richtig ist.<\/p>\n<\/div><\/section><\/p><\/div><div class='flex_column_table av-jfnrg-ab15e5dde7fa03e023a65d04cc5d9b25 sc-av_one_fourth av-equal-height-column-flextable'>\n<style type=\"text\/css\" data-created_by=\"avia_inline_auto\" id=\"style-css-av-jfnrg-ab15e5dde7fa03e023a65d04cc5d9b25\">\n@keyframes av_boxShadowEffect_av-jfnrg-ab15e5dde7fa03e023a65d04cc5d9b25-column {\n0%   { box-shadow:  0 0 0 0 #bababa; opacity: 1; }\n100% { box-shadow:  0 0 10px 0 #bababa; opacity: 1; }\n}\n.flex_column.av-jfnrg-ab15e5dde7fa03e023a65d04cc5d9b25{\nbox-shadow: 0 0 10px 0 #bababa;\nborder-radius:0px 0px 0px 0px;\npadding:30px 30px 30px 30px;\nbackground-color:#ffffff;\n}\n<\/style>\n<div  class='flex_column av-jfnrg-ab15e5dde7fa03e023a65d04cc5d9b25 av_one_fourth  avia-builder-el-11  el_after_av_one_half  el_before_av_one_fourth  first flex_column_table_cell av-equal-height-column av-align-top av-animated-generic left-to-right shadow-not-animated  column-top-margin'     ><p>\n<style type=\"text\/css\" data-created_by=\"avia_inline_auto\" id=\"style-css-av-kwdqrn59-534a8cde252b46ae979b7a7248012fda\">\n.av_font_icon.av-kwdqrn59-534a8cde252b46ae979b7a7248012fda{\ncolor:#9ac13e;\nborder-color:#9ac13e;\n}\n.avia-svg-icon.av-kwdqrn59-534a8cde252b46ae979b7a7248012fda svg:first-child{\nstroke:#9ac13e;\nfill:#9ac13e;\n}\n.av_font_icon.av-kwdqrn59-534a8cde252b46ae979b7a7248012fda .av-icon-char{\nfont-size:80px;\nline-height:80px;\n}\n<\/style>\n<span  class='av_font_icon av-kwdqrn59-534a8cde252b46ae979b7a7248012fda avia_animate_when_visible av-icon-style- avia-icon-pos-center avia-iconfont avia-font-entypo-fontello avia-icon-animate'><span class='av-icon-char' data-av_icon='\ue80b' data-av_iconfont='entypo-fontello' aria-hidden=\"true\" ><\/span><\/span><br \/>\n\n<style type=\"text\/css\" data-created_by=\"avia_inline_auto\" id=\"style-css-av-l09srglv-baa304e02d212c73668312ca4394f27b\">\n#top .hr.hr-invisible.av-l09srglv-baa304e02d212c73668312ca4394f27b{\nheight:20px;\n}\n<\/style>\n<div  class='hr av-l09srglv-baa304e02d212c73668312ca4394f27b hr-invisible  avia-builder-el-13  el_after_av_font_icon  el_before_av_textblock '><span class='hr-inner '><span class=\"hr-inner-style\"><\/span><\/span><\/div><br \/>\n<section  class='av_textblock_section av-kwdmijgc-596130046c7c78c8be21c95ce4f8d0fc '   itemscope=\"itemscope\" itemtype=\"https:\/\/schema.org\/CreativeWork\" ><div class='avia_textblock av_inherit_color'  itemprop=\"text\" ><h4 style=\"text-align: center;\"><strong>Wir sind eine Gruppe landwirtschaftlicher Erzeuger der Capitanata, die schon immer an ihr Land, die Kostbarkeit ihrer Fr\u00fcchte und an die t\u00e4gliche Arbeit geglaubt haben.<\/strong><\/h4>\n<\/div><\/section><\/p><\/div><div class='av-flex-placeholder'><\/div>\n<style type=\"text\/css\" data-created_by=\"avia_inline_auto\" id=\"style-css-av-jfnrg-5b15c9cd443382d6761b986552e4c331\">\n@keyframes av_boxShadowEffect_av-jfnrg-5b15c9cd443382d6761b986552e4c331-column {\n0%   { box-shadow:  0 0 0 0 #bababa; opacity: 1; }\n100% { box-shadow:  0 0 10px 0 #bababa; opacity: 1; }\n}\n.flex_column.av-jfnrg-5b15c9cd443382d6761b986552e4c331{\nbox-shadow: 0 0 10px 0 #bababa;\nborder-radius:0px 0px 0px 0px;\npadding:30px 30px 30px 30px;\nbackground-color:#ffffff;\n}\n<\/style>\n<div  class='flex_column av-jfnrg-5b15c9cd443382d6761b986552e4c331 av_one_fourth  avia-builder-el-15  el_after_av_one_fourth  el_before_av_one_fourth  flex_column_table_cell av-equal-height-column av-align-top av-animated-generic right-to-left shadow-not-animated  column-top-margin'     ><p>\n<style type=\"text\/css\" data-created_by=\"avia_inline_auto\" id=\"style-css-av-kwdqrn59-3bb2d6d02ad10847b3e7fc7c20afeb15\">\n.av_font_icon.av-kwdqrn59-3bb2d6d02ad10847b3e7fc7c20afeb15{\ncolor:#9ac13e;\nborder-color:#9ac13e;\n}\n.avia-svg-icon.av-kwdqrn59-3bb2d6d02ad10847b3e7fc7c20afeb15 svg:first-child{\nstroke:#9ac13e;\nfill:#9ac13e;\n}\n.av_font_icon.av-kwdqrn59-3bb2d6d02ad10847b3e7fc7c20afeb15 .av-icon-char{\nfont-size:80px;\nline-height:80px;\n}\n<\/style>\n<span  class='av_font_icon av-kwdqrn59-3bb2d6d02ad10847b3e7fc7c20afeb15 avia_animate_when_visible av-icon-style- avia-icon-pos-center avia-iconfont avia-font-entypo-fontello avia-icon-animate'><span class='av-icon-char' data-av_icon='\ue8ad' data-av_iconfont='entypo-fontello' aria-hidden=\"true\" ><\/span><\/span><br \/>\n\n<style type=\"text\/css\" data-created_by=\"avia_inline_auto\" id=\"style-css-av-l09srglv-baa304e02d212c73668312ca4394f27b\">\n#top .hr.hr-invisible.av-l09srglv-baa304e02d212c73668312ca4394f27b{\nheight:20px;\n}\n<\/style>\n<div  class='hr av-l09srglv-baa304e02d212c73668312ca4394f27b hr-invisible  avia-builder-el-17  el_after_av_font_icon  el_before_av_textblock '><span class='hr-inner '><span class=\"hr-inner-style\"><\/span><\/span><\/div><br \/>\n<section  class='av_textblock_section av-kwdmijgc-596130046c7c78c8be21c95ce4f8d0fc '   itemscope=\"itemscope\" itemtype=\"https:\/\/schema.org\/CreativeWork\" ><div class='avia_textblock av_inherit_color'  itemprop=\"text\" ><h4 style=\"text-align: center;\"><strong>Gemeinsam beschlossen wir, uns zusammenzuschlie\u00dfen und eine Genossenschaft zu gr\u00fcnden, um das Beste aus unseren Produktionen herauszuholen.<\/strong><\/h4>\n<\/div><\/section><\/p><\/div><div class='av-flex-placeholder'><\/div>\n<style type=\"text\/css\" data-created_by=\"avia_inline_auto\" id=\"style-css-av-jfnrg-5b15c9cd443382d6761b986552e4c331\">\n@keyframes av_boxShadowEffect_av-jfnrg-5b15c9cd443382d6761b986552e4c331-column {\n0%   { box-shadow:  0 0 0 0 #bababa; opacity: 1; }\n100% { box-shadow:  0 0 10px 0 #bababa; opacity: 1; }\n}\n.flex_column.av-jfnrg-5b15c9cd443382d6761b986552e4c331{\nbox-shadow: 0 0 10px 0 #bababa;\nborder-radius:0px 0px 0px 0px;\npadding:30px 30px 30px 30px;\nbackground-color:#ffffff;\n}\n<\/style>\n<div  class='flex_column av-jfnrg-5b15c9cd443382d6761b986552e4c331 av_one_fourth  avia-builder-el-19  el_after_av_one_fourth  el_before_av_one_fourth  flex_column_table_cell av-equal-height-column av-align-top av-animated-generic right-to-left shadow-not-animated  column-top-margin'     ><p>\n<style type=\"text\/css\" data-created_by=\"avia_inline_auto\" id=\"style-css-av-kwdqrn59-667e617b948cf6759263f3bb455025ef\">\n.av_font_icon.av-kwdqrn59-667e617b948cf6759263f3bb455025ef{\ncolor:#9ac13e;\nborder-color:#9ac13e;\n}\n.avia-svg-icon.av-kwdqrn59-667e617b948cf6759263f3bb455025ef svg:first-child{\nstroke:#9ac13e;\nfill:#9ac13e;\n}\n.av_font_icon.av-kwdqrn59-667e617b948cf6759263f3bb455025ef .av-icon-char{\nfont-size:80px;\nline-height:80px;\n}\n<\/style>\n<span  class='av_font_icon av-kwdqrn59-667e617b948cf6759263f3bb455025ef avia_animate_when_visible av-icon-style- avia-icon-pos-center avia-iconfont avia-font-entypo-fontello avia-icon-animate'><span class='av-icon-char' data-av_icon='\ue866' data-av_iconfont='entypo-fontello' aria-hidden=\"true\" ><\/span><\/span><br \/>\n\n<style type=\"text\/css\" data-created_by=\"avia_inline_auto\" id=\"style-css-av-l09srglv-baa304e02d212c73668312ca4394f27b\">\n#top .hr.hr-invisible.av-l09srglv-baa304e02d212c73668312ca4394f27b{\nheight:20px;\n}\n<\/style>\n<div  class='hr av-l09srglv-baa304e02d212c73668312ca4394f27b hr-invisible  avia-builder-el-21  el_after_av_font_icon  el_before_av_textblock '><span class='hr-inner '><span class=\"hr-inner-style\"><\/span><\/span><\/div><br \/>\n<section  class='av_textblock_section av-kwdmijgc-596130046c7c78c8be21c95ce4f8d0fc '   itemscope=\"itemscope\" itemtype=\"https:\/\/schema.org\/CreativeWork\" ><div class='avia_textblock av_inherit_color'  itemprop=\"text\" ><h4 style=\"text-align: center;\"><strong>Auswahl, Konservierung, Verpackung und Vertrieb. Dies sind die wichtigsten Aktivit\u00e4ten, die In Bio jeden Tag f\u00fcr seine Mitglieder durchf\u00fchrt.<\/strong><\/h4>\n<\/div><\/section><\/p><\/div><div class='av-flex-placeholder'><\/div>\n<style type=\"text\/css\" data-created_by=\"avia_inline_auto\" id=\"style-css-av-jfnrg-93dba142ce6642149ff0b058f123e185\">\n@keyframes av_boxShadowEffect_av-jfnrg-93dba142ce6642149ff0b058f123e185-column {\n0%   { box-shadow:  0 0 0 0 #bababa; opacity: 1; }\n100% { box-shadow:  0 0 10px 0 #bababa; opacity: 1; }\n}\n.flex_column.av-jfnrg-93dba142ce6642149ff0b058f123e185{\nbox-shadow: 0 0 10px 0 #bababa;\nborder-radius:0px 0px 0px 0px;\npadding:30px 30px 30px 30px;\nbackground-color:#ffffff;\n}\n<\/style>\n<div  class='flex_column av-jfnrg-93dba142ce6642149ff0b058f123e185 av_one_fourth  avia-builder-el-23  el_after_av_one_fourth  avia-builder-el-last  flex_column_table_cell av-equal-height-column av-align-top av-animated-generic left-to-right shadow-not-animated  column-top-margin'     ><p>\n<style type=\"text\/css\" data-created_by=\"avia_inline_auto\" id=\"style-css-av-kwdqrn59-2bdfb95372fe084e6537eb812ece9d33\">\n.av_font_icon.av-kwdqrn59-2bdfb95372fe084e6537eb812ece9d33{\ncolor:#9ac13e;\nborder-color:#9ac13e;\n}\n.avia-svg-icon.av-kwdqrn59-2bdfb95372fe084e6537eb812ece9d33 svg:first-child{\nstroke:#9ac13e;\nfill:#9ac13e;\n}\n.av_font_icon.av-kwdqrn59-2bdfb95372fe084e6537eb812ece9d33 .av-icon-char{\nfont-size:80px;\nline-height:80px;\n}\n<\/style>\n<span  class='av_font_icon av-kwdqrn59-2bdfb95372fe084e6537eb812ece9d33 avia_animate_when_visible av-icon-style- avia-icon-pos-center avia-iconfont avia-font-entypo-fontello avia-icon-animate'><span class='av-icon-char' data-av_icon='\ue8d6' data-av_iconfont='entypo-fontello' aria-hidden=\"true\" ><\/span><\/span><br \/>\n\n<style type=\"text\/css\" data-created_by=\"avia_inline_auto\" id=\"style-css-av-l09srglv-baa304e02d212c73668312ca4394f27b\">\n#top .hr.hr-invisible.av-l09srglv-baa304e02d212c73668312ca4394f27b{\nheight:20px;\n}\n<\/style>\n<div  class='hr av-l09srglv-baa304e02d212c73668312ca4394f27b hr-invisible  avia-builder-el-25  el_after_av_font_icon  el_before_av_textblock '><span class='hr-inner '><span class=\"hr-inner-style\"><\/span><\/span><\/div><br \/>\n<section  class='av_textblock_section av-kwdmijgc-596130046c7c78c8be21c95ce4f8d0fc '   itemscope=\"itemscope\" itemtype=\"https:\/\/schema.org\/CreativeWork\" ><div class='avia_textblock av_inherit_color'  itemprop=\"text\" ><h4 style=\"text-align: center;\"><strong>Wir haben den Weg der Innovation gew\u00e4hlt und dabei stets die Prinzipien der b\u00e4uerlichen Tradition respektiert. Ein sich st\u00e4ndig weiterentwickelndes Abenteuer, das es uns dank dieser perfekten Mischung erm\u00f6glicht, uns auf dem Markt zu differenzieren.<\/strong><\/h4>\n<\/div><\/section><\/p><\/div><\/div><!--close column table wrapper. Autoclose: 1 --><\/div><\/div><\/div><!-- close content main div --><\/div><\/div><div id='after_section_2'  class='main_color av_default_container_wrap container_wrap sidebar_right'  ><div class='container av-section-cont-open' ><div class='template-page content  av-content-small alpha units'><div class='post-entry post-entry-type-page post-entry-4235'><div class='entry-content-wrapper clearfix'>\n","protected":false},"excerpt":{"rendered":"","protected":false},"author":1,"featured_media":0,"parent":0,"menu_order":0,"comment_status":"closed","ping_status":"closed","template":"","meta":{"footnotes":""},"class_list":["post-4235","page","type-page","status-publish","hentry"],"yoast_head":"<!-- This site is optimized with the Yoast SEO plugin v27.0 - https:\/\/yoast.com\/product\/yoast-seo-wordpress\/ -->\n<title>Mission &amp; Vision - In Bio Societ\u00e0 Cooperativa Agricola<\/title>\n<meta name=\"description\" content=\"Wir kultivieren Wohlbefinden. Das Hauptziel war immer, den wahren Wurzeln treu zu bleiben. Die unseres Territoriums, Apulien.\" \/>\n<meta name=\"robots\" content=\"index, follow, max-snippet:-1, max-image-preview:large, max-video-preview:-1\" \/>\n<link rel=\"canonical\" href=\"https:\/\/pugliainbio.it\/de\/mission-vision\/\" \/>\n<meta property=\"og:locale\" content=\"de_DE\" \/>\n<meta property=\"og:type\" content=\"article\" \/>\n<meta property=\"og:title\" content=\"Mission &amp; Vision - In Bio Societ\u00e0 Cooperativa Agricola\" \/>\n<meta property=\"og:description\" content=\"Wir kultivieren Wohlbefinden. Das Hauptziel war immer, den wahren Wurzeln treu zu bleiben. Die unseres Territoriums, Apulien.\" \/>\n<meta property=\"og:url\" content=\"https:\/\/pugliainbio.it\/de\/mission-vision\/\" \/>\n<meta property=\"og:site_name\" content=\"In Bio Societ\u00e0 Cooperativa Agricola\" \/>\n<meta property=\"article:modified_time\" content=\"2022-03-31T14:48:33+00:00\" \/>\n<meta name=\"twitter:card\" content=\"summary_large_image\" \/>\n<meta name=\"twitter:label1\" content=\"Gesch\u00e4tzte Lesezeit\" \/>\n\t<meta name=\"twitter:data1\" content=\"12\u00a0Minuten\" \/>\n<script type=\"application\/ld+json\" class=\"yoast-schema-graph\">{\"@context\":\"https:\/\/schema.org\",\"@graph\":[{\"@type\":\"WebPage\",\"@id\":\"https:\/\/pugliainbio.it\/de\/mission-vision\/\",\"url\":\"https:\/\/pugliainbio.it\/de\/mission-vision\/\",\"name\":\"Mission & Vision - In Bio Societ\u00e0 Cooperativa Agricola\",\"isPartOf\":{\"@id\":\"https:\/\/pugliainbio.it\/en\/#website\"},\"datePublished\":\"2022-03-30T13:50:05+00:00\",\"dateModified\":\"2022-03-31T14:48:33+00:00\",\"description\":\"Wir kultivieren Wohlbefinden. Das Hauptziel war immer, den wahren Wurzeln treu zu bleiben. Die unseres Territoriums, Apulien.\",\"breadcrumb\":{\"@id\":\"https:\/\/pugliainbio.it\/de\/mission-vision\/#breadcrumb\"},\"inLanguage\":\"de\",\"potentialAction\":[{\"@type\":\"ReadAction\",\"target\":[\"https:\/\/pugliainbio.it\/de\/mission-vision\/\"]}]},{\"@type\":\"BreadcrumbList\",\"@id\":\"https:\/\/pugliainbio.it\/de\/mission-vision\/#breadcrumb\",\"itemListElement\":[{\"@type\":\"ListItem\",\"position\":1,\"name\":\"Home\",\"item\":\"https:\/\/pugliainbio.it\/de\/home\/\"},{\"@type\":\"ListItem\",\"position\":2,\"name\":\"Mission &#038; Vision\"}]},{\"@type\":\"WebSite\",\"@id\":\"https:\/\/pugliainbio.it\/en\/#website\",\"url\":\"https:\/\/pugliainbio.it\/en\/\",\"name\":\"In Bio Societ\u00e0 Cooperativa Agricola\",\"description\":\"\",\"publisher\":{\"@id\":\"https:\/\/pugliainbio.it\/en\/#organization\"},\"potentialAction\":[{\"@type\":\"SearchAction\",\"target\":{\"@type\":\"EntryPoint\",\"urlTemplate\":\"https:\/\/pugliainbio.it\/en\/?s={search_term_string}\"},\"query-input\":{\"@type\":\"PropertyValueSpecification\",\"valueRequired\":true,\"valueName\":\"search_term_string\"}}],\"inLanguage\":\"de\"},{\"@type\":\"Organization\",\"@id\":\"https:\/\/pugliainbio.it\/en\/#organization\",\"name\":\"Daunia Plastics Srl\",\"url\":\"https:\/\/pugliainbio.it\/en\/\",\"logo\":{\"@type\":\"ImageObject\",\"inLanguage\":\"de\",\"@id\":\"https:\/\/pugliainbio.it\/en\/#\/schema\/logo\/image\/\",\"url\":\"\",\"contentUrl\":\"\",\"caption\":\"Daunia Plastics Srl\"},\"image\":{\"@id\":\"https:\/\/pugliainbio.it\/en\/#\/schema\/logo\/image\/\"}}]}<\/script>\n<!-- \/ Yoast SEO plugin. -->","yoast_head_json":{"title":"Mission & Vision - In Bio Societ\u00e0 Cooperativa Agricola","description":"Wir kultivieren Wohlbefinden. Das Hauptziel war immer, den wahren Wurzeln treu zu bleiben. Die unseres Territoriums, Apulien.","robots":{"index":"index","follow":"follow","max-snippet":"max-snippet:-1","max-image-preview":"max-image-preview:large","max-video-preview":"max-video-preview:-1"},"canonical":"https:\/\/pugliainbio.it\/de\/mission-vision\/","og_locale":"de_DE","og_type":"article","og_title":"Mission & Vision - In Bio Societ\u00e0 Cooperativa Agricola","og_description":"Wir kultivieren Wohlbefinden. Das Hauptziel war immer, den wahren Wurzeln treu zu bleiben. Die unseres Territoriums, Apulien.","og_url":"https:\/\/pugliainbio.it\/de\/mission-vision\/","og_site_name":"In Bio Societ\u00e0 Cooperativa Agricola","article_modified_time":"2022-03-31T14:48:33+00:00","twitter_card":"summary_large_image","twitter_misc":{"Gesch\u00e4tzte Lesezeit":"12\u00a0Minuten"},"schema":{"@context":"https:\/\/schema.org","@graph":[{"@type":"WebPage","@id":"https:\/\/pugliainbio.it\/de\/mission-vision\/","url":"https:\/\/pugliainbio.it\/de\/mission-vision\/","name":"Mission & Vision - In Bio Societ\u00e0 Cooperativa Agricola","isPartOf":{"@id":"https:\/\/pugliainbio.it\/en\/#website"},"datePublished":"2022-03-30T13:50:05+00:00","dateModified":"2022-03-31T14:48:33+00:00","description":"Wir kultivieren Wohlbefinden. Das Hauptziel war immer, den wahren Wurzeln treu zu bleiben. Die unseres Territoriums, Apulien.","breadcrumb":{"@id":"https:\/\/pugliainbio.it\/de\/mission-vision\/#breadcrumb"},"inLanguage":"de","potentialAction":[{"@type":"ReadAction","target":["https:\/\/pugliainbio.it\/de\/mission-vision\/"]}]},{"@type":"BreadcrumbList","@id":"https:\/\/pugliainbio.it\/de\/mission-vision\/#breadcrumb","itemListElement":[{"@type":"ListItem","position":1,"name":"Home","item":"https:\/\/pugliainbio.it\/de\/home\/"},{"@type":"ListItem","position":2,"name":"Mission &#038; Vision"}]},{"@type":"WebSite","@id":"https:\/\/pugliainbio.it\/en\/#website","url":"https:\/\/pugliainbio.it\/en\/","name":"In Bio Societ\u00e0 Cooperativa Agricola","description":"","publisher":{"@id":"https:\/\/pugliainbio.it\/en\/#organization"},"potentialAction":[{"@type":"SearchAction","target":{"@type":"EntryPoint","urlTemplate":"https:\/\/pugliainbio.it\/en\/?s={search_term_string}"},"query-input":{"@type":"PropertyValueSpecification","valueRequired":true,"valueName":"search_term_string"}}],"inLanguage":"de"},{"@type":"Organization","@id":"https:\/\/pugliainbio.it\/en\/#organization","name":"Daunia Plastics Srl","url":"https:\/\/pugliainbio.it\/en\/","logo":{"@type":"ImageObject","inLanguage":"de","@id":"https:\/\/pugliainbio.it\/en\/#\/schema\/logo\/image\/","url":"","contentUrl":"","caption":"Daunia Plastics Srl"},"image":{"@id":"https:\/\/pugliainbio.it\/en\/#\/schema\/logo\/image\/"}}]}},"_links":{"self":[{"href":"https:\/\/pugliainbio.it\/de\/wp-json\/wp\/v2\/pages\/4235","targetHints":{"allow":["GET"]}}],"collection":[{"href":"https:\/\/pugliainbio.it\/de\/wp-json\/wp\/v2\/pages"}],"about":[{"href":"https:\/\/pugliainbio.it\/de\/wp-json\/wp\/v2\/types\/page"}],"author":[{"embeddable":true,"href":"https:\/\/pugliainbio.it\/de\/wp-json\/wp\/v2\/users\/1"}],"replies":[{"embeddable":true,"href":"https:\/\/pugliainbio.it\/de\/wp-json\/wp\/v2\/comments?post=4235"}],"version-history":[{"count":6,"href":"https:\/\/pugliainbio.it\/de\/wp-json\/wp\/v2\/pages\/4235\/revisions"}],"predecessor-version":[{"id":4325,"href":"https:\/\/pugliainbio.it\/de\/wp-json\/wp\/v2\/pages\/4235\/revisions\/4325"}],"wp:attachment":[{"href":"https:\/\/pugliainbio.it\/de\/wp-json\/wp\/v2\/media?parent=4235"}],"curies":[{"name":"wp","href":"https:\/\/api.w.org\/{rel}","templated":true}]}}