{"id":4231,"date":"2022-03-30T14:45:06","date_gmt":"2022-03-30T13:45:06","guid":{"rendered":"https:\/\/pugliainbio.netplanet.it\/?page_id=4231\/"},"modified":"2025-10-03T15:57:31","modified_gmt":"2025-10-03T13:57:31","slug":"ueber-uns","status":"publish","type":"page","link":"https:\/\/pugliainbio.it\/de\/ueber-uns\/","title":{"rendered":"\u00dcber uns"},"content":{"rendered":"\n<style type=\"text\/css\" data-created_by=\"avia_inline_auto\" id=\"style-css-av-78ue9w-c543ecc5eacb651c247b6bd831796783\">\n.avia-section.av-78ue9w-c543ecc5eacb651c247b6bd831796783{\nbackground-repeat:no-repeat;\nbackground-image:url(https:\/\/pugliainbio.it\/wp-content\/uploads\/2022\/03\/chi-siamo-2.png);\nbackground-position:50% 50%;\nbackground-attachment:scroll;\n}\n.avia-section.av-78ue9w-c543ecc5eacb651c247b6bd831796783 .av-section-color-overlay{\nopacity:0.1;\nbackground-color:#000000;\n}\n<\/style>\n<div id='av_section_1'  class='avia-section av-78ue9w-c543ecc5eacb651c247b6bd831796783 main_color avia-section-huge avia-no-border-styling  avia-builder-el-0  el_before_av_section  avia-builder-el-first  avia-full-stretch avia-bg-style-scroll av-section-color-overlay-active av-minimum-height av-minimum-height-70 av-height-percent  container_wrap sidebar_right'  data-section-bg-repeat='stretch' data-av_minimum_height_pc='70' data-av_min_height_opt='percent'><div class=\"av-section-color-overlay-wrap\"><div class=\"av-section-color-overlay\"><\/div><div class='container av-section-cont-open' ><main  role=\"main\" itemprop=\"mainContentOfPage\"  class='template-page content  av-content-small alpha units'><div class='post-entry post-entry-type-page post-entry-4231'><div class='entry-content-wrapper clearfix'>\n<\/div><\/div><\/main><!-- close content main element --><\/div><\/div><\/div>\n<style type=\"text\/css\" data-created_by=\"avia_inline_auto\" id=\"style-css-av-kwdnap4v-e70830facc35bac3b468bb8471855d15\">\n.avia-section.av-kwdnap4v-e70830facc35bac3b468bb8471855d15{\nbackground-repeat:no-repeat;\nbackground-image:url(https:\/\/pugliainbio.it\/wp-content\/uploads\/2021\/11\/bg.jpg);\nbackground-position:0% 0%;\nbackground-attachment:scroll;\n}\n<\/style>\n<div id='av_section_2'  class='avia-section av-kwdnap4v-e70830facc35bac3b468bb8471855d15 main_color avia-section-default avia-no-border-styling  avia-builder-el-1  el_after_av_section  avia-builder-el-last  avia-full-stretch avia-bg-style-scroll container_wrap sidebar_right'  data-section-bg-repeat='stretch'><div class='container av-section-cont-open' ><div class='template-page content  av-content-small alpha units'><div class='post-entry post-entry-type-page post-entry-4231'><div class='entry-content-wrapper clearfix'>\n\n<style type=\"text\/css\" data-created_by=\"avia_inline_auto\" id=\"style-css-av-xao9o-bdf4e749e4ac5c4b5d3037e7c465ac05\">\n#top .flex_column.av-xao9o-bdf4e749e4ac5c4b5d3037e7c465ac05{\nmargin-top:30px;\nmargin-bottom:0px;\n}\n.flex_column.av-xao9o-bdf4e749e4ac5c4b5d3037e7c465ac05{\nborder-radius:0px 0px 0px 0px;\npadding:0px 0px 0px 0px;\n}\n.responsive #top #wrap_all .flex_column.av-xao9o-bdf4e749e4ac5c4b5d3037e7c465ac05{\nmargin-top:30px;\nmargin-bottom:0px;\n}\n<\/style>\n<div  class='flex_column av-xao9o-bdf4e749e4ac5c4b5d3037e7c465ac05 av_one_half  avia-builder-el-2  el_before_av_one_half  avia-builder-el-first  first flex_column_div av-hide-on-mobile av-zero-column-padding  '     ><style type=\"text\/css\" data-created_by=\"avia_inline_auto\" id=\"style-css-av-kwdoot4t-1cc40c118990ab252a8a199eb3de2dd5\">\n.avia-image-container.av-kwdoot4t-1cc40c118990ab252a8a199eb3de2dd5 img.avia_image{\nbox-shadow:none;\n}\n.avia-image-container.av-kwdoot4t-1cc40c118990ab252a8a199eb3de2dd5 .av-image-caption-overlay-center{\ncolor:#ffffff;\n}\n<\/style>\n<div  class='avia-image-container av-kwdoot4t-1cc40c118990ab252a8a199eb3de2dd5 av-styling- avia-align-center  avia-builder-el-3  avia-builder-el-no-sibling '   itemprop=\"image\" itemscope=\"itemscope\" itemtype=\"https:\/\/schema.org\/ImageObject\" ><div class=\"avia-image-container-inner\"><div class=\"avia-image-overlay-wrap\"><img decoding=\"async\" fetchpriority=\"high\" class='wp-image-4999 avia-img-lazy-loading-not-4999 avia_image ' src=\"https:\/\/pugliainbio.it\/wp-content\/uploads\/2022\/04\/chisiamo-1.png\" alt='' title='chisiamo'  height=\"470\" width=\"470\"  itemprop=\"thumbnailUrl\" srcset=\"https:\/\/pugliainbio.it\/wp-content\/uploads\/2022\/04\/chisiamo-1.png 470w, https:\/\/pugliainbio.it\/wp-content\/uploads\/2022\/04\/chisiamo-1-300x300.png 300w, https:\/\/pugliainbio.it\/wp-content\/uploads\/2022\/04\/chisiamo-1-150x150.png 150w, https:\/\/pugliainbio.it\/wp-content\/uploads\/2022\/04\/chisiamo-1-36x36.png 36w, https:\/\/pugliainbio.it\/wp-content\/uploads\/2022\/04\/chisiamo-1-180x180.png 180w\" sizes=\"(max-width: 470px) 100vw, 470px\" \/><\/div><\/div><\/div><\/div>\n<style type=\"text\/css\" data-created_by=\"avia_inline_auto\" id=\"style-css-av-jfnrg-12dcda7105126f0d234a6bb1371f4dfa\">\n#top .flex_column.av-jfnrg-12dcda7105126f0d234a6bb1371f4dfa{\nmargin-top:30px;\nmargin-bottom:0px;\n}\n.flex_column.av-jfnrg-12dcda7105126f0d234a6bb1371f4dfa{\nborder-radius:0px 0px 0px 0px;\npadding:0px 0px 0px 0px;\n}\n.responsive #top #wrap_all .flex_column.av-jfnrg-12dcda7105126f0d234a6bb1371f4dfa{\nmargin-top:30px;\nmargin-bottom:0px;\n}\n<\/style>\n<div  class='flex_column av-jfnrg-12dcda7105126f0d234a6bb1371f4dfa av_one_half  avia-builder-el-4  el_after_av_one_half  avia-builder-el-last  flex_column_div av-zero-column-padding  '     ><p>\n<style type=\"text\/css\" data-created_by=\"avia_inline_auto\" id=\"style-css-av-4m83ls-dd2a6f59bf0c683e20a725647b157dde\">\n#top .av-special-heading.av-4m83ls-dd2a6f59bf0c683e20a725647b157dde{\npadding-bottom:20px;\ncolor:#99c13c;\n}\nbody .av-special-heading.av-4m83ls-dd2a6f59bf0c683e20a725647b157dde .av-special-heading-tag .heading-char{\nfont-size:25px;\n}\n.av-special-heading.av-4m83ls-dd2a6f59bf0c683e20a725647b157dde .special-heading-inner-border{\nborder-color:#99c13c;\n}\n.av-special-heading.av-4m83ls-dd2a6f59bf0c683e20a725647b157dde .av-subheading{\nfont-size:15px;\n}\n<\/style>\n<div  class='av-special-heading av-4m83ls-dd2a6f59bf0c683e20a725647b157dde av-special-heading-h2 custom-color-heading blockquote modern-quote  avia-builder-el-5  el_before_av_textblock  avia-builder-el-first '><h2 class='av-special-heading-tag '  itemprop=\"headline\"  >Ein bisschen von uns<\/h2><div class=\"special-heading-border\"><div class=\"special-heading-inner-border\"><\/div><\/div><\/div><br \/>\n<section  class='av_textblock_section av-kwdmijgc-596130046c7c78c8be21c95ce4f8d0fc '   itemscope=\"itemscope\" itemtype=\"https:\/\/schema.org\/CreativeWork\" ><div class='avia_textblock av_inherit_color'  itemprop=\"text\" ><h5 style=\"text-align: justify;\"><strong>&#8222;Wenn du alleine tr\u00e4umst, ist es nur ein Traum. Wenn wir gemeinsam tr\u00e4umen, beginnt die Realit\u00e4t&#8220;<\/strong><\/h5>\n<\/div><\/section><br \/>\n<section  class='av_textblock_section av-aulv4-5077cc399212acc014510ac2e2d4f43a '   itemscope=\"itemscope\" itemtype=\"https:\/\/schema.org\/CreativeWork\" ><div class='avia_textblock av_inherit_color'  itemprop=\"text\" ><p style=\"text-align: justify;\">Wir sind eine Gruppe von Erzeugern der Capitanata, die von klein auf gelernt haben, an ihr Land, an die Kostbarkeit seiner Fr\u00fcchte und an die t\u00e4gliche Arbeit zu glauben.<\/p>\n<p style=\"text-align: justify;\"><strong>In Bio ist es unsere Zukunft.<\/strong><\/p>\n<p style=\"text-align: justify;\">Wir verf\u00fcgen \u00fcber jahrzehntelange Erfahrung im Anbau von Obst und Gem\u00fcse, gew\u00e4hrleisten eine Produktkonzentration und vertrauen die Vermarktung der Obst- und Gem\u00fcseproduzentenorganisation \u201e<strong>Consorzio APO Foggia s.c.<\/strong>\u201c an, die auf dem nationalen und internationalen Markt t\u00e4tig ist.<br \/>\nWir haben Innovation, Respekt vor der Natur und Aufmerksamkeit f\u00fcr den Verbraucher mit Tradition kombiniert.<br \/>\nJeden Tag setzen wir uns f\u00fcr eine neue Herausforderung ein, denn wir wissen, woran wir glauben.<\/p>\n<p style=\"text-align: justify;\">Aktuell \u201eIn Bio Soc. Coop. Agr.&#8220; sie besteht aus 32 Erzeugermitgliedern, die sich auf einer Fl\u00e4che von rund 13.000 Hektar mit dem Anbau von Gem\u00fcse befassen.<\/p>\n<p style=\"text-align: justify;\">Etwa 70 % davon sind biozertifiziert, die restlichen 30 % befinden sich in der Umstellungsphase.<br \/>\nUnsere Produktion entspricht etwa 12.000 Tonnen Obst und Gem\u00fcse pro Jahr.<\/p>\n<\/div><\/section><br \/>\n<section  class='av_textblock_section av-l10vovfa-75db1cb45c31f3e32eacd5eda42cddad '   itemscope=\"itemscope\" itemtype=\"https:\/\/schema.org\/CreativeWork\" ><div class='avia_textblock av_inherit_color'  itemprop=\"text\" ><p style=\"text-align: justify;\">Die Liebe zur Erde und zur Natur hat uns immer dazu gebracht, die Praktiken des \u00f6kologischen Landbaus anzunehmen.<\/p>\n<p style=\"text-align: justify;\">Dank dieser Wahl und dem Wunsch, ma\u00dfvolle und qualitativ hochwertige Produktionen zu erhalten, ist es unseren Mitgliedern gelungen, die Fruchtbarkeit des Bodens wiederherzustellen, die Biodiversit\u00e4t zu erhalten und die Umwelt zu sichern, die notwendig ist, um das Gleichgewicht in jedem Produktionszyklus aufrechtzuerhalten.<\/p>\n<p style=\"text-align: justify;\">Unser Unternehmen ist mit einer modernen Unternehmensstruktur ausgestattet, die f\u00fcr die Verarbeitung und Verpackung von landwirtschaftlichen Gartenbauprodukten geeignet ist, um die Vermarktung unseres verpackten Frischgem\u00fcses zu erleichtern.<\/p>\n<\/div><\/section><\/p><\/div><\/div><\/div><\/div><!-- close content main div --><\/div><\/div><div id='after_section_2'  class='main_color av_default_container_wrap container_wrap sidebar_right'  ><div class='container av-section-cont-open' ><div class='template-page content  av-content-small alpha units'><div class='post-entry post-entry-type-page post-entry-4231'><div class='entry-content-wrapper clearfix'>\n","protected":false},"excerpt":{"rendered":"","protected":false},"author":1,"featured_media":0,"parent":0,"menu_order":0,"comment_status":"closed","ping_status":"closed","template":"","meta":{"footnotes":""},"class_list":["post-4231","page","type-page","status-publish","hentry"],"yoast_head":"<!-- This site is optimized with the Yoast SEO plugin v27.0 - https:\/\/yoast.com\/product\/yoast-seo-wordpress\/ -->\n<title>\u00dcber uns - In Bio Societ\u00e0 Cooperativa Agricola<\/title>\n<meta name=\"description\" content=\"Wir sind eine Gruppe von Erzeugern der Capitanata, die von klein auf gelernt haben, an ihr Land, an die Kostbarkeit seiner Fr\u00fcchte und an die t\u00e4gliche Arbeit zu glauben.\" \/>\n<meta name=\"robots\" content=\"index, follow, max-snippet:-1, max-image-preview:large, max-video-preview:-1\" \/>\n<link rel=\"canonical\" href=\"https:\/\/pugliainbio.it\/de\/ueber-uns\/\" \/>\n<meta property=\"og:locale\" content=\"de_DE\" \/>\n<meta property=\"og:type\" content=\"article\" \/>\n<meta property=\"og:title\" content=\"\u00dcber uns - In Bio Societ\u00e0 Cooperativa Agricola\" \/>\n<meta property=\"og:description\" content=\"Wir sind eine Gruppe von Erzeugern der Capitanata, die von klein auf gelernt haben, an ihr Land, an die Kostbarkeit seiner Fr\u00fcchte und an die t\u00e4gliche Arbeit zu glauben.\" \/>\n<meta property=\"og:url\" content=\"https:\/\/pugliainbio.it\/de\/ueber-uns\/\" \/>\n<meta property=\"og:site_name\" content=\"In Bio Societ\u00e0 Cooperativa Agricola\" \/>\n<meta property=\"article:modified_time\" content=\"2025-10-03T13:57:31+00:00\" \/>\n<meta name=\"twitter:card\" content=\"summary_large_image\" \/>\n<meta name=\"twitter:label1\" content=\"Gesch\u00e4tzte Lesezeit\" \/>\n\t<meta name=\"twitter:data1\" content=\"7\u00a0Minuten\" \/>\n<script type=\"application\/ld+json\" class=\"yoast-schema-graph\">{\"@context\":\"https:\/\/schema.org\",\"@graph\":[{\"@type\":\"WebPage\",\"@id\":\"https:\/\/pugliainbio.it\/de\/ueber-uns\/\",\"url\":\"https:\/\/pugliainbio.it\/de\/ueber-uns\/\",\"name\":\"\u00dcber uns - In Bio Societ\u00e0 Cooperativa Agricola\",\"isPartOf\":{\"@id\":\"https:\/\/pugliainbio.it\/en\/#website\"},\"datePublished\":\"2022-03-30T13:45:06+00:00\",\"dateModified\":\"2025-10-03T13:57:31+00:00\",\"description\":\"Wir sind eine Gruppe von Erzeugern der Capitanata, die von klein auf gelernt haben, an ihr Land, an die Kostbarkeit seiner Fr\u00fcchte und an die t\u00e4gliche Arbeit zu glauben.\",\"breadcrumb\":{\"@id\":\"https:\/\/pugliainbio.it\/de\/ueber-uns\/#breadcrumb\"},\"inLanguage\":\"de\",\"potentialAction\":[{\"@type\":\"ReadAction\",\"target\":[\"https:\/\/pugliainbio.it\/de\/ueber-uns\/\"]}]},{\"@type\":\"BreadcrumbList\",\"@id\":\"https:\/\/pugliainbio.it\/de\/ueber-uns\/#breadcrumb\",\"itemListElement\":[{\"@type\":\"ListItem\",\"position\":1,\"name\":\"Home\",\"item\":\"https:\/\/pugliainbio.it\/de\/home\/\"},{\"@type\":\"ListItem\",\"position\":2,\"name\":\"\u00dcber uns\"}]},{\"@type\":\"WebSite\",\"@id\":\"https:\/\/pugliainbio.it\/en\/#website\",\"url\":\"https:\/\/pugliainbio.it\/en\/\",\"name\":\"In Bio Societ\u00e0 Cooperativa Agricola\",\"description\":\"\",\"publisher\":{\"@id\":\"https:\/\/pugliainbio.it\/en\/#organization\"},\"potentialAction\":[{\"@type\":\"SearchAction\",\"target\":{\"@type\":\"EntryPoint\",\"urlTemplate\":\"https:\/\/pugliainbio.it\/en\/?s={search_term_string}\"},\"query-input\":{\"@type\":\"PropertyValueSpecification\",\"valueRequired\":true,\"valueName\":\"search_term_string\"}}],\"inLanguage\":\"de\"},{\"@type\":\"Organization\",\"@id\":\"https:\/\/pugliainbio.it\/en\/#organization\",\"name\":\"Daunia Plastics Srl\",\"url\":\"https:\/\/pugliainbio.it\/en\/\",\"logo\":{\"@type\":\"ImageObject\",\"inLanguage\":\"de\",\"@id\":\"https:\/\/pugliainbio.it\/en\/#\/schema\/logo\/image\/\",\"url\":\"\",\"contentUrl\":\"\",\"caption\":\"Daunia Plastics Srl\"},\"image\":{\"@id\":\"https:\/\/pugliainbio.it\/en\/#\/schema\/logo\/image\/\"}}]}<\/script>\n<!-- \/ Yoast SEO plugin. -->","yoast_head_json":{"title":"\u00dcber uns - In Bio Societ\u00e0 Cooperativa Agricola","description":"Wir sind eine Gruppe von Erzeugern der Capitanata, die von klein auf gelernt haben, an ihr Land, an die Kostbarkeit seiner Fr\u00fcchte und an die t\u00e4gliche Arbeit zu glauben.","robots":{"index":"index","follow":"follow","max-snippet":"max-snippet:-1","max-image-preview":"max-image-preview:large","max-video-preview":"max-video-preview:-1"},"canonical":"https:\/\/pugliainbio.it\/de\/ueber-uns\/","og_locale":"de_DE","og_type":"article","og_title":"\u00dcber uns - In Bio Societ\u00e0 Cooperativa Agricola","og_description":"Wir sind eine Gruppe von Erzeugern der Capitanata, die von klein auf gelernt haben, an ihr Land, an die Kostbarkeit seiner Fr\u00fcchte und an die t\u00e4gliche Arbeit zu glauben.","og_url":"https:\/\/pugliainbio.it\/de\/ueber-uns\/","og_site_name":"In Bio Societ\u00e0 Cooperativa Agricola","article_modified_time":"2025-10-03T13:57:31+00:00","twitter_card":"summary_large_image","twitter_misc":{"Gesch\u00e4tzte Lesezeit":"7\u00a0Minuten"},"schema":{"@context":"https:\/\/schema.org","@graph":[{"@type":"WebPage","@id":"https:\/\/pugliainbio.it\/de\/ueber-uns\/","url":"https:\/\/pugliainbio.it\/de\/ueber-uns\/","name":"\u00dcber uns - In Bio Societ\u00e0 Cooperativa Agricola","isPartOf":{"@id":"https:\/\/pugliainbio.it\/en\/#website"},"datePublished":"2022-03-30T13:45:06+00:00","dateModified":"2025-10-03T13:57:31+00:00","description":"Wir sind eine Gruppe von Erzeugern der Capitanata, die von klein auf gelernt haben, an ihr Land, an die Kostbarkeit seiner Fr\u00fcchte und an die t\u00e4gliche Arbeit zu glauben.","breadcrumb":{"@id":"https:\/\/pugliainbio.it\/de\/ueber-uns\/#breadcrumb"},"inLanguage":"de","potentialAction":[{"@type":"ReadAction","target":["https:\/\/pugliainbio.it\/de\/ueber-uns\/"]}]},{"@type":"BreadcrumbList","@id":"https:\/\/pugliainbio.it\/de\/ueber-uns\/#breadcrumb","itemListElement":[{"@type":"ListItem","position":1,"name":"Home","item":"https:\/\/pugliainbio.it\/de\/home\/"},{"@type":"ListItem","position":2,"name":"\u00dcber uns"}]},{"@type":"WebSite","@id":"https:\/\/pugliainbio.it\/en\/#website","url":"https:\/\/pugliainbio.it\/en\/","name":"In Bio Societ\u00e0 Cooperativa Agricola","description":"","publisher":{"@id":"https:\/\/pugliainbio.it\/en\/#organization"},"potentialAction":[{"@type":"SearchAction","target":{"@type":"EntryPoint","urlTemplate":"https:\/\/pugliainbio.it\/en\/?s={search_term_string}"},"query-input":{"@type":"PropertyValueSpecification","valueRequired":true,"valueName":"search_term_string"}}],"inLanguage":"de"},{"@type":"Organization","@id":"https:\/\/pugliainbio.it\/en\/#organization","name":"Daunia Plastics Srl","url":"https:\/\/pugliainbio.it\/en\/","logo":{"@type":"ImageObject","inLanguage":"de","@id":"https:\/\/pugliainbio.it\/en\/#\/schema\/logo\/image\/","url":"","contentUrl":"","caption":"Daunia Plastics Srl"},"image":{"@id":"https:\/\/pugliainbio.it\/en\/#\/schema\/logo\/image\/"}}]}},"_links":{"self":[{"href":"https:\/\/pugliainbio.it\/de\/wp-json\/wp\/v2\/pages\/4231","targetHints":{"allow":["GET"]}}],"collection":[{"href":"https:\/\/pugliainbio.it\/de\/wp-json\/wp\/v2\/pages"}],"about":[{"href":"https:\/\/pugliainbio.it\/de\/wp-json\/wp\/v2\/types\/page"}],"author":[{"embeddable":true,"href":"https:\/\/pugliainbio.it\/de\/wp-json\/wp\/v2\/users\/1"}],"replies":[{"embeddable":true,"href":"https:\/\/pugliainbio.it\/de\/wp-json\/wp\/v2\/comments?post=4231"}],"version-history":[{"count":11,"href":"https:\/\/pugliainbio.it\/de\/wp-json\/wp\/v2\/pages\/4231\/revisions"}],"predecessor-version":[{"id":4553,"href":"https:\/\/pugliainbio.it\/de\/wp-json\/wp\/v2\/pages\/4231\/revisions\/4553"}],"wp:attachment":[{"href":"https:\/\/pugliainbio.it\/de\/wp-json\/wp\/v2\/media?parent=4231"}],"curies":[{"name":"wp","href":"https:\/\/api.w.org\/{rel}","templated":true}]}}