{"id":4162,"date":"2022-03-15T19:21:48","date_gmt":"2022-03-15T18:21:48","guid":{"rendered":"https:\/\/pugliainbio.netplanet.it\/?page_id=4162\/"},"modified":"2022-03-31T16:50:41","modified_gmt":"2022-03-31T14:50:41","slug":"zertifizierungen","status":"publish","type":"page","link":"https:\/\/pugliainbio.it\/de\/zertifizierungen\/","title":{"rendered":"Zertifizierungen"},"content":{"rendered":"\n<style type=\"text\/css\" data-created_by=\"avia_inline_auto\" id=\"style-css-av-78ue9w-7c68d4b24c1be41a43cabb11f2fc0070\">\n.avia-section.av-78ue9w-7c68d4b24c1be41a43cabb11f2fc0070{\nbackground-repeat:no-repeat;\nbackground-image:url(https:\/\/pugliainbio.it\/wp-content\/uploads\/2022\/03\/certificazioni.jpg);\nbackground-position:50% 50%;\nbackground-attachment:scroll;\n}\n.avia-section.av-78ue9w-7c68d4b24c1be41a43cabb11f2fc0070 .av-section-color-overlay{\nopacity:0.3;\nbackground-color:#000000;\n}\n<\/style>\n<div id='av_section_1'  class='avia-section av-78ue9w-7c68d4b24c1be41a43cabb11f2fc0070 main_color avia-section-huge avia-no-border-styling  avia-builder-el-0  el_before_av_section  avia-builder-el-first  avia-full-stretch avia-bg-style-scroll av-section-color-overlay-active av-minimum-height av-minimum-height-70 av-height-percent  container_wrap sidebar_right'  data-section-bg-repeat='stretch' data-av_minimum_height_pc='70' data-av_min_height_opt='percent'><div class=\"av-section-color-overlay-wrap\"><div class=\"av-section-color-overlay\"><\/div><div class='container av-section-cont-open' ><main  role=\"main\" itemprop=\"mainContentOfPage\"  class='template-page content  av-content-small alpha units'><div class='post-entry post-entry-type-page post-entry-4162'><div class='entry-content-wrapper clearfix'>\n<\/div><\/div><\/main><!-- close content main element --><\/div><\/div><\/div>\n<style type=\"text\/css\" data-created_by=\"avia_inline_auto\" id=\"style-css-av-kwdnap4v-e70830facc35bac3b468bb8471855d15\">\n.avia-section.av-kwdnap4v-e70830facc35bac3b468bb8471855d15{\nbackground-repeat:no-repeat;\nbackground-image:url(https:\/\/pugliainbio.it\/wp-content\/uploads\/2021\/11\/bg.jpg);\nbackground-position:0% 0%;\nbackground-attachment:scroll;\n}\n<\/style>\n<div id='av_section_2'  class='avia-section av-kwdnap4v-e70830facc35bac3b468bb8471855d15 main_color avia-section-default avia-no-border-styling  avia-builder-el-1  el_after_av_section  avia-builder-el-last  avia-full-stretch avia-bg-style-scroll container_wrap sidebar_right'  data-section-bg-repeat='stretch'><div class='container av-section-cont-open' ><div class='template-page content  av-content-small alpha units'><div class='post-entry post-entry-type-page post-entry-4162'><div class='entry-content-wrapper clearfix'>\n\n<style type=\"text\/css\" data-created_by=\"avia_inline_auto\" id=\"style-css-av-b0775w-3b466303aec078395a322bc92333777a\">\n.flex_column.av-b0775w-3b466303aec078395a322bc92333777a{\nborder-radius:0px 0px 0px 0px;\npadding:0px 0px 0px 0px;\n}\n<\/style>\n<div  class='flex_column av-b0775w-3b466303aec078395a322bc92333777a av_one_half  avia-builder-el-2  el_before_av_one_half  avia-builder-el-first  first flex_column_div av-zero-column-padding  '     ><style type=\"text\/css\" data-created_by=\"avia_inline_auto\" id=\"style-css-av-l0ce3pwv-2d23942bd2eca8c89bbb85a561775026\">\n#top .avia-gallery.av-l0ce3pwv-2d23942bd2eca8c89bbb85a561775026 .avia-gallery-thumb a{\nwidth:50%;\n}\n<\/style>\n<div  class='avia-gallery av-l0ce3pwv-2d23942bd2eca8c89bbb85a561775026 avia_animate_when_visible  avia-builder-el-3  avia-builder-el-no-sibling  animations_off avia-gallery-1'  itemprop=\"image\" itemscope=\"itemscope\" itemtype=\"https:\/\/schema.org\/ImageObject\" ><meta itemprop=\"contentURL\" content=\"https:\/\/pugliainbio.it\/de\/zertifizierungen\/\"><div class='avia-gallery-thumb'><a href=\"https:\/\/pugliainbio.it\/wp-content\/uploads\/2022\/03\/1-biologico.jpg\" data-rel='gallery-1' data-prev-img='https:\/\/pugliainbio.it\/wp-content\/uploads\/2022\/03\/1-biologico.jpg' class='first_thumb avianolink noLightbox ' data-onclick='1' title=''  itemprop=\"thumbnailUrl\"  ><img decoding=\"async\" fetchpriority=\"high\" class=\"wp-image-4879 avia-img-lazy-loading-not-4879\"   src=\"https:\/\/pugliainbio.it\/wp-content\/uploads\/2022\/03\/1-biologico.jpg\" width=\"300\" height=\"200\"  title='' alt='' \/><div class='big-prev-fake'><img decoding=\"async\" loading=\"lazy\" class=\"wp-image-4879 avia-img-lazy-loading-4879\"  width=\"300\" height=\"200\" src=\"https:\/\/pugliainbio.it\/wp-content\/uploads\/2022\/03\/1-biologico.jpg\" title='' alt='' \/><\/div><\/a><a href=\"https:\/\/pugliainbio.it\/wp-content\/uploads\/2022\/03\/3-grasp.jpg\" data-rel='gallery-1' data-prev-img='https:\/\/pugliainbio.it\/wp-content\/uploads\/2022\/03\/3-grasp.jpg' class='avianolink noLightbox ' data-onclick='2' title=''  itemprop=\"thumbnailUrl\"  ><img decoding=\"async\" fetchpriority=\"high\" class=\"wp-image-4883 avia-img-lazy-loading-not-4883\"   src=\"https:\/\/pugliainbio.it\/wp-content\/uploads\/2022\/03\/3-grasp.jpg\" width=\"300\" height=\"200\"  title='' alt='' \/><div class='big-prev-fake'><img decoding=\"async\" loading=\"lazy\" class=\"wp-image-4883 avia-img-lazy-loading-4883\"  width=\"300\" height=\"200\" src=\"https:\/\/pugliainbio.it\/wp-content\/uploads\/2022\/03\/3-grasp.jpg\" title='' alt='' \/><\/div><\/a><a href=\"https:\/\/pugliainbio.it\/wp-content\/uploads\/2022\/03\/2-global.jpg\" data-rel='gallery-1' data-prev-img='https:\/\/pugliainbio.it\/wp-content\/uploads\/2022\/03\/2-global.jpg' class='first_thumb avianolink noLightbox ' data-onclick='3' title=''  itemprop=\"thumbnailUrl\"  ><img decoding=\"async\" fetchpriority=\"high\" class=\"wp-image-4881 avia-img-lazy-loading-not-4881\"   src=\"https:\/\/pugliainbio.it\/wp-content\/uploads\/2022\/03\/2-global.jpg\" width=\"300\" height=\"200\"  title='' alt='' \/><div class='big-prev-fake'><img decoding=\"async\" loading=\"lazy\" class=\"wp-image-4881 avia-img-lazy-loading-4881\"  width=\"300\" height=\"200\" src=\"https:\/\/pugliainbio.it\/wp-content\/uploads\/2022\/03\/2-global.jpg\" title='' alt='' \/><\/div><\/a><a href=\"https:\/\/pugliainbio.it\/wp-content\/uploads\/2022\/03\/5-ifs.jpg\" data-rel='gallery-1' data-prev-img='https:\/\/pugliainbio.it\/wp-content\/uploads\/2022\/03\/5-ifs.jpg' class='avianolink noLightbox ' data-onclick='4' title=''  itemprop=\"thumbnailUrl\"  ><img decoding=\"async\" fetchpriority=\"high\" class=\"wp-image-4887 avia-img-lazy-loading-not-4887\"   src=\"https:\/\/pugliainbio.it\/wp-content\/uploads\/2022\/03\/5-ifs.jpg\" width=\"300\" height=\"200\"  title='' alt='' \/><div class='big-prev-fake'><img decoding=\"async\" loading=\"lazy\" class=\"wp-image-4887 avia-img-lazy-loading-4887\"  width=\"300\" height=\"200\" src=\"https:\/\/pugliainbio.it\/wp-content\/uploads\/2022\/03\/5-ifs.jpg\" title='' alt='' \/><\/div><\/a><a href=\"https:\/\/pugliainbio.it\/wp-content\/uploads\/2022\/03\/4-brc-1.jpg\" data-rel='gallery-1' data-prev-img='https:\/\/pugliainbio.it\/wp-content\/uploads\/2022\/03\/4-brc-1.jpg' class='first_thumb avianolink noLightbox ' data-onclick='5' title=''  itemprop=\"thumbnailUrl\"  ><img decoding=\"async\" fetchpriority=\"high\" class=\"wp-image-4889 avia-img-lazy-loading-not-4889\"   src=\"https:\/\/pugliainbio.it\/wp-content\/uploads\/2022\/03\/4-brc-1.jpg\" width=\"300\" height=\"200\"  title='' alt='' \/><div class='big-prev-fake'><img decoding=\"async\" loading=\"lazy\" class=\"wp-image-4889 avia-img-lazy-loading-4889\"  width=\"300\" height=\"200\" src=\"https:\/\/pugliainbio.it\/wp-content\/uploads\/2022\/03\/4-brc-1.jpg\" title='' alt='' \/><\/div><\/a><\/div><\/div><\/div>\n<style type=\"text\/css\" data-created_by=\"avia_inline_auto\" id=\"style-css-av-jfnrg-12dcda7105126f0d234a6bb1371f4dfa\">\n.flex_column.av-jfnrg-12dcda7105126f0d234a6bb1371f4dfa{\nborder-radius:0px 0px 0px 0px;\npadding:0px 0px 0px 0px;\n}\n<\/style>\n<div  class='flex_column av-jfnrg-12dcda7105126f0d234a6bb1371f4dfa av_one_half  avia-builder-el-4  el_after_av_one_half  avia-builder-el-last  flex_column_div av-zero-column-padding  '     ><p>\n<style type=\"text\/css\" data-created_by=\"avia_inline_auto\" id=\"style-css-av-2mqkzm-2aba12082c77b5f9ad7593965b628529\">\n#top .av-special-heading.av-2mqkzm-2aba12082c77b5f9ad7593965b628529{\npadding-bottom:20px;\ncolor:#99c13c;\n}\nbody .av-special-heading.av-2mqkzm-2aba12082c77b5f9ad7593965b628529 .av-special-heading-tag .heading-char{\nfont-size:25px;\n}\n.av-special-heading.av-2mqkzm-2aba12082c77b5f9ad7593965b628529 .special-heading-inner-border{\nborder-color:#99c13c;\n}\n.av-special-heading.av-2mqkzm-2aba12082c77b5f9ad7593965b628529 .av-subheading{\nfont-size:15px;\n}\n<\/style>\n<div  class='av-special-heading av-2mqkzm-2aba12082c77b5f9ad7593965b628529 av-special-heading-h2 custom-color-heading blockquote modern-quote  avia-builder-el-5  el_before_av_textblock  avia-builder-el-first '><h2 class='av-special-heading-tag '  itemprop=\"headline\"  >Wir glauben an unsere Produkte<\/h2><div class=\"special-heading-border\"><div class=\"special-heading-inner-border\"><\/div><\/div><\/div><br \/>\n<section  class='av_textblock_section av-kwdmijgc-596130046c7c78c8be21c95ce4f8d0fc '   itemscope=\"itemscope\" itemtype=\"https:\/\/schema.org\/CreativeWork\" ><div class='avia_textblock av_inherit_color'  itemprop=\"text\" ><p>Qualit\u00e4t ist nicht nur ein Zertifikat.<br \/>\nQualit\u00e4t ist Kontrolle, Aufmerksamkeit und Sicherheit.<\/p>\n<p>Das erworbene Know-how erm\u00f6glicht es uns, mit integrierten Pflanzenschutzmethoden zu produzieren, was zu einer deutlichen Reduzierung des Einsatzes synthetischer Produkte f\u00fchrt. Dank unserer integrierten Lieferkette verkaufen wir nur das, was aus dem Land unserer Produzenten stammt. L\u00e4ndereien, die wir kennen und die sorgf\u00e4ltigen Kontrollphasen unterzogen werden.<\/p>\n<p>Bew\u00e4sserungswasser und B\u00f6den werden mikrobiologischen Analysen und Kontrollen auf das Vorhandensein von Pestizidr\u00fcckst\u00e4nden unterzogen.<\/p>\n<p>Ziel ist es zu zertifizieren, dass unsere Produkte tats\u00e4chlich den Standards entsprechen, die von den Zertifizierungen, an denen wir uns beteiligen, und den spezifischen Anforderungen der Kunden gefordert werden.<\/p>\n<\/div><\/section><br \/>\n\n<style type=\"text\/css\" data-created_by=\"avia_inline_auto\" id=\"style-css-av-l0cdsd94-d4ae500709ebd09bb4655200dbf153c1\">\n#top .hr.av-l0cdsd94-d4ae500709ebd09bb4655200dbf153c1{\nmargin-bottom:20px;\n}\n.hr.av-l0cdsd94-d4ae500709ebd09bb4655200dbf153c1 .hr-inner{\nwidth:100%;\nborder-color:#e2e2e2;\n}\n<\/style>\n<div  class='hr av-l0cdsd94-d4ae500709ebd09bb4655200dbf153c1 hr-custom  avia-builder-el-7  el_after_av_textblock  el_before_av_textblock  hr-center hr-icon-no'><span class='hr-inner inner-border-av-border-fat'><span class=\"hr-inner-style\"><\/span><\/span><\/div><br \/>\n<section  class='av_textblock_section av-kwdmijgc-596130046c7c78c8be21c95ce4f8d0fc '   itemscope=\"itemscope\" itemtype=\"https:\/\/schema.org\/CreativeWork\" ><div class='avia_textblock av_inherit_color'  itemprop=\"text\" ><p>Die Kontrolle endet nicht im Feld: Unser Safe &amp; Quality Manager \u00fcberpr\u00fcft, ob alle Verarbeitungs- und Verpackungsverfahren eingehalten werden und die Waren den IFS-Standards entsprechen.<\/p>\n<p>Die ausgehenden Waren, die f\u00fcr die nationalen und europ\u00e4ischen M\u00e4rkte bestimmt sind, werden qualifizierten Spediteuren anvertraut, mit Mitteln, die speziell entwickelt wurden, um die Frische und Hygiene der Waren zu gew\u00e4hrleisten.<\/p>\n<\/div><\/section><\/p><\/div>\n<\/div><\/div><\/div><!-- close content main div --><\/div><\/div><div id='after_section_2'  class='main_color av_default_container_wrap container_wrap sidebar_right'  ><div class='container av-section-cont-open' ><div class='template-page content  av-content-small alpha units'><div class='post-entry post-entry-type-page post-entry-4162'><div class='entry-content-wrapper clearfix'>\n","protected":false},"excerpt":{"rendered":"","protected":false},"author":1,"featured_media":0,"parent":0,"menu_order":0,"comment_status":"closed","ping_status":"closed","template":"","meta":{"footnotes":""},"class_list":["post-4162","page","type-page","status-publish","hentry"],"yoast_head":"<!-- This site is optimized with the Yoast SEO plugin v27.0 - https:\/\/yoast.com\/product\/yoast-seo-wordpress\/ -->\n<title>Zertifizierungen - In Bio Societ\u00e0 Cooperativa Agricola<\/title>\n<meta name=\"description\" content=\"Wir glauben an unsere Produkte. Qualit\u00e4t ist nicht nur ein Zertifikat. Qualit\u00e4t ist Kontrolle, Aufmerksamkeit und Sicherheit.\" \/>\n<meta name=\"robots\" content=\"index, follow, max-snippet:-1, max-image-preview:large, max-video-preview:-1\" \/>\n<link rel=\"canonical\" href=\"https:\/\/pugliainbio.it\/de\/zertifizierungen\/\" \/>\n<meta property=\"og:locale\" content=\"de_DE\" \/>\n<meta property=\"og:type\" content=\"article\" \/>\n<meta property=\"og:title\" content=\"Zertifizierungen - In Bio Societ\u00e0 Cooperativa Agricola\" \/>\n<meta property=\"og:description\" content=\"Wir glauben an unsere Produkte. Qualit\u00e4t ist nicht nur ein Zertifikat. Qualit\u00e4t ist Kontrolle, Aufmerksamkeit und Sicherheit.\" \/>\n<meta property=\"og:url\" content=\"https:\/\/pugliainbio.it\/de\/zertifizierungen\/\" \/>\n<meta property=\"og:site_name\" content=\"In Bio Societ\u00e0 Cooperativa Agricola\" \/>\n<meta property=\"article:modified_time\" content=\"2022-03-31T14:50:41+00:00\" \/>\n<meta name=\"twitter:card\" content=\"summary_large_image\" \/>\n<meta name=\"twitter:label1\" content=\"Gesch\u00e4tzte Lesezeit\" \/>\n\t<meta name=\"twitter:data1\" content=\"5\u00a0Minuten\" \/>\n<script type=\"application\/ld+json\" class=\"yoast-schema-graph\">{\"@context\":\"https:\/\/schema.org\",\"@graph\":[{\"@type\":\"WebPage\",\"@id\":\"https:\/\/pugliainbio.it\/de\/zertifizierungen\/\",\"url\":\"https:\/\/pugliainbio.it\/de\/zertifizierungen\/\",\"name\":\"Zertifizierungen - In Bio Societ\u00e0 Cooperativa Agricola\",\"isPartOf\":{\"@id\":\"https:\/\/pugliainbio.it\/en\/#website\"},\"datePublished\":\"2022-03-15T18:21:48+00:00\",\"dateModified\":\"2022-03-31T14:50:41+00:00\",\"description\":\"Wir glauben an unsere Produkte. Qualit\u00e4t ist nicht nur ein Zertifikat. Qualit\u00e4t ist Kontrolle, Aufmerksamkeit und Sicherheit.\",\"breadcrumb\":{\"@id\":\"https:\/\/pugliainbio.it\/de\/zertifizierungen\/#breadcrumb\"},\"inLanguage\":\"de\",\"potentialAction\":[{\"@type\":\"ReadAction\",\"target\":[\"https:\/\/pugliainbio.it\/de\/zertifizierungen\/\"]}]},{\"@type\":\"BreadcrumbList\",\"@id\":\"https:\/\/pugliainbio.it\/de\/zertifizierungen\/#breadcrumb\",\"itemListElement\":[{\"@type\":\"ListItem\",\"position\":1,\"name\":\"Home\",\"item\":\"https:\/\/pugliainbio.it\/de\/home\/\"},{\"@type\":\"ListItem\",\"position\":2,\"name\":\"Zertifizierungen\"}]},{\"@type\":\"WebSite\",\"@id\":\"https:\/\/pugliainbio.it\/en\/#website\",\"url\":\"https:\/\/pugliainbio.it\/en\/\",\"name\":\"In Bio Societ\u00e0 Cooperativa Agricola\",\"description\":\"\",\"publisher\":{\"@id\":\"https:\/\/pugliainbio.it\/en\/#organization\"},\"potentialAction\":[{\"@type\":\"SearchAction\",\"target\":{\"@type\":\"EntryPoint\",\"urlTemplate\":\"https:\/\/pugliainbio.it\/en\/?s={search_term_string}\"},\"query-input\":{\"@type\":\"PropertyValueSpecification\",\"valueRequired\":true,\"valueName\":\"search_term_string\"}}],\"inLanguage\":\"de\"},{\"@type\":\"Organization\",\"@id\":\"https:\/\/pugliainbio.it\/en\/#organization\",\"name\":\"Daunia Plastics Srl\",\"url\":\"https:\/\/pugliainbio.it\/en\/\",\"logo\":{\"@type\":\"ImageObject\",\"inLanguage\":\"de\",\"@id\":\"https:\/\/pugliainbio.it\/en\/#\/schema\/logo\/image\/\",\"url\":\"\",\"contentUrl\":\"\",\"caption\":\"Daunia Plastics Srl\"},\"image\":{\"@id\":\"https:\/\/pugliainbio.it\/en\/#\/schema\/logo\/image\/\"}}]}<\/script>\n<!-- \/ Yoast SEO plugin. -->","yoast_head_json":{"title":"Zertifizierungen - In Bio Societ\u00e0 Cooperativa Agricola","description":"Wir glauben an unsere Produkte. Qualit\u00e4t ist nicht nur ein Zertifikat. Qualit\u00e4t ist Kontrolle, Aufmerksamkeit und Sicherheit.","robots":{"index":"index","follow":"follow","max-snippet":"max-snippet:-1","max-image-preview":"max-image-preview:large","max-video-preview":"max-video-preview:-1"},"canonical":"https:\/\/pugliainbio.it\/de\/zertifizierungen\/","og_locale":"de_DE","og_type":"article","og_title":"Zertifizierungen - In Bio Societ\u00e0 Cooperativa Agricola","og_description":"Wir glauben an unsere Produkte. Qualit\u00e4t ist nicht nur ein Zertifikat. Qualit\u00e4t ist Kontrolle, Aufmerksamkeit und Sicherheit.","og_url":"https:\/\/pugliainbio.it\/de\/zertifizierungen\/","og_site_name":"In Bio Societ\u00e0 Cooperativa Agricola","article_modified_time":"2022-03-31T14:50:41+00:00","twitter_card":"summary_large_image","twitter_misc":{"Gesch\u00e4tzte Lesezeit":"5\u00a0Minuten"},"schema":{"@context":"https:\/\/schema.org","@graph":[{"@type":"WebPage","@id":"https:\/\/pugliainbio.it\/de\/zertifizierungen\/","url":"https:\/\/pugliainbio.it\/de\/zertifizierungen\/","name":"Zertifizierungen - In Bio Societ\u00e0 Cooperativa Agricola","isPartOf":{"@id":"https:\/\/pugliainbio.it\/en\/#website"},"datePublished":"2022-03-15T18:21:48+00:00","dateModified":"2022-03-31T14:50:41+00:00","description":"Wir glauben an unsere Produkte. Qualit\u00e4t ist nicht nur ein Zertifikat. Qualit\u00e4t ist Kontrolle, Aufmerksamkeit und Sicherheit.","breadcrumb":{"@id":"https:\/\/pugliainbio.it\/de\/zertifizierungen\/#breadcrumb"},"inLanguage":"de","potentialAction":[{"@type":"ReadAction","target":["https:\/\/pugliainbio.it\/de\/zertifizierungen\/"]}]},{"@type":"BreadcrumbList","@id":"https:\/\/pugliainbio.it\/de\/zertifizierungen\/#breadcrumb","itemListElement":[{"@type":"ListItem","position":1,"name":"Home","item":"https:\/\/pugliainbio.it\/de\/home\/"},{"@type":"ListItem","position":2,"name":"Zertifizierungen"}]},{"@type":"WebSite","@id":"https:\/\/pugliainbio.it\/en\/#website","url":"https:\/\/pugliainbio.it\/en\/","name":"In Bio Societ\u00e0 Cooperativa Agricola","description":"","publisher":{"@id":"https:\/\/pugliainbio.it\/en\/#organization"},"potentialAction":[{"@type":"SearchAction","target":{"@type":"EntryPoint","urlTemplate":"https:\/\/pugliainbio.it\/en\/?s={search_term_string}"},"query-input":{"@type":"PropertyValueSpecification","valueRequired":true,"valueName":"search_term_string"}}],"inLanguage":"de"},{"@type":"Organization","@id":"https:\/\/pugliainbio.it\/en\/#organization","name":"Daunia Plastics Srl","url":"https:\/\/pugliainbio.it\/en\/","logo":{"@type":"ImageObject","inLanguage":"de","@id":"https:\/\/pugliainbio.it\/en\/#\/schema\/logo\/image\/","url":"","contentUrl":"","caption":"Daunia Plastics Srl"},"image":{"@id":"https:\/\/pugliainbio.it\/en\/#\/schema\/logo\/image\/"}}]}},"_links":{"self":[{"href":"https:\/\/pugliainbio.it\/de\/wp-json\/wp\/v2\/pages\/4162","targetHints":{"allow":["GET"]}}],"collection":[{"href":"https:\/\/pugliainbio.it\/de\/wp-json\/wp\/v2\/pages"}],"about":[{"href":"https:\/\/pugliainbio.it\/de\/wp-json\/wp\/v2\/types\/page"}],"author":[{"embeddable":true,"href":"https:\/\/pugliainbio.it\/de\/wp-json\/wp\/v2\/users\/1"}],"replies":[{"embeddable":true,"href":"https:\/\/pugliainbio.it\/de\/wp-json\/wp\/v2\/comments?post=4162"}],"version-history":[{"count":6,"href":"https:\/\/pugliainbio.it\/de\/wp-json\/wp\/v2\/pages\/4162\/revisions"}],"predecessor-version":[{"id":4331,"href":"https:\/\/pugliainbio.it\/de\/wp-json\/wp\/v2\/pages\/4162\/revisions\/4331"}],"wp:attachment":[{"href":"https:\/\/pugliainbio.it\/de\/wp-json\/wp\/v2\/media?parent=4162"}],"curies":[{"name":"wp","href":"https:\/\/api.w.org\/{rel}","templated":true}]}}